{"id":1288,"date":"2025-11-14T14:55:29","date_gmt":"2025-11-14T14:55:29","guid":{"rendered":"https:\/\/malmousqueltd.com\/?page_id=1288"},"modified":"2026-01-15T15:15:09","modified_gmt":"2026-01-15T15:15:09","slug":"tinyfootprints","status":"publish","type":"page","link":"https:\/\/malmousqueltd.com\/fr_fr\/tinyfootprints\/","title":{"rendered":"Tinyfootprints"},"content":{"rendered":"<div data-elementor-type=\"wp-page\" data-elementor-id=\"1288\" class=\"elementor elementor-1288\">\n\t\t\t\t<div class=\"elementor-element elementor-element-22d7c5b5 e-con-full e-flex e-con e-parent\" data-id=\"22d7c5b5\" data-element_type=\"container\" data-settings=\"{&quot;background_background&quot;:&quot;classic&quot;}\">\n\t\t\t\t<\/div>\n\t\t<div class=\"elementor-element elementor-element-6f62547b e-flex e-con-boxed e-con e-parent\" data-id=\"6f62547b\" data-element_type=\"container\" data-settings=\"{&quot;background_background&quot;:&quot;classic&quot;}\">\n\t\t\t\t\t<div class=\"e-con-inner\">\n\t\t<div class=\"elementor-element elementor-element-25654d4e e-con-full e-flex e-con e-child\" data-id=\"25654d4e\" data-element_type=\"container\">\n\t\t\t\t<div class=\"elementor-element elementor-element-64b29449 elementor-widget elementor-widget-text-editor\" data-id=\"64b29449\" data-element_type=\"widget\" data-widget_type=\"text-editor.default\">\n\t\t\t\t\t\t\t\t\t<p><span style=\"color: #52a78d;\">Tiny Footprints<br \/><\/span>Le projet<\/p>\t\t\t\t\t\t\t\t<\/div>\n\t\t\t\t<\/div>\n\t\t<div class=\"elementor-element elementor-element-4f31ca9 e-con-full e-flex e-con e-child\" data-id=\"4f31ca9\" data-element_type=\"container\">\n\t\t\t\t<div class=\"elementor-element elementor-element-a0d3dae elementor-widget elementor-widget-text-editor\" data-id=\"a0d3dae\" data-element_type=\"widget\" data-widget_type=\"text-editor.default\">\n\t\t\t\t\t\t\t\t\t<p><strong>Services :<\/strong><\/p><p class=\"p1\">Marketing<\/p><p class=\"p1\">Achats<\/p><p class=\"p1\">Organisation d\u2019\u00e9v\u00e9nements<\/p><p class=\"p1\">Management de boutique retail<\/p><p class=\"p1\">\u00a0<\/p>\t\t\t\t\t\t\t\t<\/div>\n\t\t\t\t<\/div>\n\t\t\t\t\t<\/div>\n\t\t\t\t<\/div>\n\t\t<div class=\"elementor-element elementor-element-38a1105e e-flex e-con-boxed e-con e-parent\" data-id=\"38a1105e\" data-element_type=\"container\" data-settings=\"{&quot;background_background&quot;:&quot;classic&quot;}\">\n\t\t\t\t\t<div class=\"e-con-inner\">\n\t\t\t\t<div class=\"elementor-element elementor-element-3b6a1742 elementor-widget elementor-widget-text-editor\" data-id=\"3b6a1742\" data-element_type=\"widget\" data-widget_type=\"text-editor.default\">\n\t\t\t\t\t\t\t\t\t<p class=\"p1\">Hong Kong \u2014 Produits b\u00e9b\u00e9 &amp; maternit\u00e9<\/p>\t\t\t\t\t\t\t\t<\/div>\n\t\t\t\t<div class=\"elementor-element elementor-element-09dd50f elementor-widget elementor-widget-text-editor\" data-id=\"09dd50f\" data-element_type=\"widget\" data-widget_type=\"text-editor.default\">\n\t\t\t\t\t\t\t\t\t<p class=\"p1\"><b>Tiny Footprints est la premi\u00e8re boutique \u00e9co-responsable pour b\u00e9b\u00e9s \u00e0 Hong Kong, pens\u00e9e comme un lieu o\u00f9 les mamans peuvent allaiter, \u00e9changer et se retrouver.<\/b><\/p>\t\t\t\t\t\t\t\t<\/div>\n\t\t\t\t<div class=\"elementor-element elementor-element-5e514451 elementor-widget elementor-widget-text-editor\" data-id=\"5e514451\" data-element_type=\"widget\" data-widget_type=\"text-editor.default\">\n\t\t\t\t\t\t\t\t\t<p>J\u2019ai optimis\u00e9 les op\u00e9rations et stimul\u00e9 les ventes pour l\u2019activit\u00e9 retail de l\u2019entreprise. J\u2019ai pilot\u00e9 l\u2019ensemble des achats au Royaume-Uni, en Australie et \u00e0 Hong Kong afin d\u2019assurer une disponibilit\u00e9 produit constante et une ma\u00eetrise des marges.<\/p><p>En collaboration avec l\u2019\u00e9quipe marketing, j\u2019ai d\u00e9velopp\u00e9 des promotions cibl\u00e9es et des newsletters pour renforcer l\u2019engagement client et am\u00e9liorer la conversion. J\u2019ai \u00e9galement organis\u00e9 des \u00e9v\u00e9nements communautaires pour les mamans et les b\u00e9b\u00e9s plusieurs fois par semaine, renfor\u00e7ant la fid\u00e9lit\u00e9 \u00e0 la marque et augmentant le trafic en magasin.<\/p>\t\t\t\t\t\t\t\t<\/div>\n\t\t<div class=\"elementor-element elementor-element-86f09a3 e-con-full e-flex e-con e-child\" data-id=\"86f09a3\" data-element_type=\"container\">\n\t\t\t\t<div class=\"elementor-element elementor-element-3a16e25 elementor-widget elementor-widget-counter\" data-id=\"3a16e25\" data-element_type=\"widget\" data-widget_type=\"counter.default\">\n\t\t\t\t\t\t\t<div class=\"elementor-counter\">\n\t\t\t<div class=\"elementor-counter-title\">events organised per week<\/div>\t\t\t<div class=\"elementor-counter-number-wrapper\">\n\t\t\t\t<span class=\"elementor-counter-number-prefix\"><\/span>\n\t\t\t\t<span class=\"elementor-counter-number\" data-duration=\"2000\" data-to-value=\"3\" data-from-value=\"3\" data-delimiter=\",\">3<\/span>\n\t\t\t\t<span class=\"elementor-counter-number-suffix\"><\/span>\n\t\t\t<\/div>\n\t\t<\/div>\n\t\t\t\t\t\t<\/div>\n\t\t\t\t<\/div>\n\t\t\t\t\t<\/div>\n\t\t\t\t<\/div>\n\t\t<div class=\"elementor-element elementor-element-28f76d9a e-flex e-con-boxed elementor-invisible e-con e-parent\" data-id=\"28f76d9a\" data-element_type=\"container\" data-settings=\"{&quot;animation&quot;:&quot;fadeIn&quot;}\">\n\t\t\t\t\t<div class=\"e-con-inner\">\n\t\t<div class=\"elementor-element elementor-element-18b71b30 e-con-full e-flex e-con e-child\" data-id=\"18b71b30\" data-element_type=\"container\">\n\t\t\t\t<div class=\"elementor-element elementor-element-2f5bb60d elementor-widget elementor-widget-image\" data-id=\"2f5bb60d\" data-element_type=\"widget\" data-widget_type=\"image.default\">\n\t\t\t\t\t\t\t\t\t\t\t\t\t\t\t<img fetchpriority=\"high\" decoding=\"async\" width=\"1024\" height=\"768\" src=\"https:\/\/malmousqueltd.com\/wp-content\/uploads\/2025\/11\/IMG_5338-1024x768.jpg\" class=\"attachment-large size-large wp-image-1293\" alt=\"\" srcset=\"https:\/\/malmousqueltd.com\/wp-content\/uploads\/2025\/11\/IMG_5338-1024x768.jpg 1024w, https:\/\/malmousqueltd.com\/wp-content\/uploads\/2025\/11\/IMG_5338-300x225.jpg 300w, https:\/\/malmousqueltd.com\/wp-content\/uploads\/2025\/11\/IMG_5338-768x576.jpg 768w, https:\/\/malmousqueltd.com\/wp-content\/uploads\/2025\/11\/IMG_5338-1536x1152.jpg 1536w, https:\/\/malmousqueltd.com\/wp-content\/uploads\/2025\/11\/IMG_5338-2048x1536.jpg 2048w\" sizes=\"(max-width: 1024px) 100vw, 1024px\" \/>\t\t\t\t\t\t\t\t\t\t\t\t\t\t\t<\/div>\n\t\t\t\t<\/div>\n\t\t<div class=\"elementor-element elementor-element-689a4d3c e-con-full e-flex e-con e-child\" data-id=\"689a4d3c\" data-element_type=\"container\">\n\t\t\t\t<div class=\"elementor-element elementor-element-7e6d555b elementor-widget elementor-widget-image\" data-id=\"7e6d555b\" data-element_type=\"widget\" data-widget_type=\"image.default\">\n\t\t\t\t\t\t\t\t\t\t\t\t\t\t\t<img decoding=\"async\" width=\"1024\" height=\"768\" src=\"https:\/\/malmousqueltd.com\/wp-content\/uploads\/2025\/11\/IMG_0528_2-1024x768.jpg\" class=\"attachment-large size-large wp-image-1291\" alt=\"\" srcset=\"https:\/\/malmousqueltd.com\/wp-content\/uploads\/2025\/11\/IMG_0528_2-1024x768.jpg 1024w, https:\/\/malmousqueltd.com\/wp-content\/uploads\/2025\/11\/IMG_0528_2-300x225.jpg 300w, https:\/\/malmousqueltd.com\/wp-content\/uploads\/2025\/11\/IMG_0528_2-768x576.jpg 768w, https:\/\/malmousqueltd.com\/wp-content\/uploads\/2025\/11\/IMG_0528_2-1536x1152.jpg 1536w, https:\/\/malmousqueltd.com\/wp-content\/uploads\/2025\/11\/IMG_0528_2-2048x1536.jpg 2048w\" sizes=\"(max-width: 1024px) 100vw, 1024px\" \/>\t\t\t\t\t\t\t\t\t\t\t\t\t\t\t<\/div>\n\t\t\t\t<\/div>\n\t\t\t\t\t<\/div>\n\t\t\t\t<\/div>\n\t\t<div class=\"elementor-element elementor-element-1d50c1d7 e-flex e-con-boxed elementor-invisible e-con e-parent\" data-id=\"1d50c1d7\" data-element_type=\"container\" data-settings=\"{&quot;animation&quot;:&quot;fadeIn&quot;}\">\n\t\t\t\t\t<div class=\"e-con-inner\">\n\t\t<div class=\"elementor-element elementor-element-6417330d e-con-full e-flex e-con e-child\" data-id=\"6417330d\" data-element_type=\"container\">\n\t\t\t\t<div class=\"elementor-element elementor-element-36774e58 elementor-widget elementor-widget-image\" data-id=\"36774e58\" data-element_type=\"widget\" data-widget_type=\"image.default\">\n\t\t\t\t\t\t\t\t\t\t\t\t\t\t\t<img decoding=\"async\" width=\"768\" height=\"1024\" src=\"https:\/\/malmousqueltd.com\/wp-content\/uploads\/2025\/11\/Unknown-768x1024.jpeg\" class=\"attachment-large size-large wp-image-1295\" alt=\"\" srcset=\"https:\/\/malmousqueltd.com\/wp-content\/uploads\/2025\/11\/Unknown-768x1024.jpeg 768w, https:\/\/malmousqueltd.com\/wp-content\/uploads\/2025\/11\/Unknown-225x300.jpeg 225w, https:\/\/malmousqueltd.com\/wp-content\/uploads\/2025\/11\/Unknown-1152x1536.jpeg 1152w, https:\/\/malmousqueltd.com\/wp-content\/uploads\/2025\/11\/Unknown-1536x2048.jpeg 1536w, https:\/\/malmousqueltd.com\/wp-content\/uploads\/2025\/11\/Unknown-scaled.jpeg 1920w\" sizes=\"(max-width: 768px) 100vw, 768px\" \/>\t\t\t\t\t\t\t\t\t\t\t\t\t\t\t<\/div>\n\t\t\t\t<\/div>\n\t\t<div class=\"elementor-element elementor-element-64a4fe9f e-con-full e-flex e-con e-child\" data-id=\"64a4fe9f\" data-element_type=\"container\">\n\t\t\t\t<div class=\"elementor-element elementor-element-e3d5ba4 elementor-widget elementor-widget-image\" data-id=\"e3d5ba4\" data-element_type=\"widget\" data-widget_type=\"image.default\">\n\t\t\t\t\t\t\t\t\t\t\t\t\t\t\t<img loading=\"lazy\" decoding=\"async\" width=\"768\" height=\"1024\" src=\"https:\/\/malmousqueltd.com\/wp-content\/uploads\/2025\/11\/IMG_4993-768x1024.jpg\" class=\"attachment-large size-large wp-image-1296\" alt=\"\" srcset=\"https:\/\/malmousqueltd.com\/wp-content\/uploads\/2025\/11\/IMG_4993-768x1024.jpg 768w, https:\/\/malmousqueltd.com\/wp-content\/uploads\/2025\/11\/IMG_4993-225x300.jpg 225w, https:\/\/malmousqueltd.com\/wp-content\/uploads\/2025\/11\/IMG_4993-1152x1536.jpg 1152w, https:\/\/malmousqueltd.com\/wp-content\/uploads\/2025\/11\/IMG_4993-1536x2048.jpg 1536w, https:\/\/malmousqueltd.com\/wp-content\/uploads\/2025\/11\/IMG_4993-scaled.jpg 1920w\" sizes=\"(max-width: 768px) 100vw, 768px\" \/>\t\t\t\t\t\t\t\t\t\t\t\t\t\t\t<\/div>\n\t\t\t\t<\/div>\n\t\t\t\t\t<\/div>\n\t\t\t\t<\/div>\n\t\t<div class=\"elementor-element elementor-element-4ef625e e-flex e-con-boxed e-con e-parent\" data-id=\"4ef625e\" data-element_type=\"container\">\n\t\t\t\t\t<div class=\"e-con-inner\">\n\t\t\t\t<div class=\"elementor-element elementor-element-5a89138 elementor-widget elementor-widget-text-editor\" data-id=\"5a89138\" data-element_type=\"widget\" data-widget_type=\"text-editor.default\">\n\t\t\t\t\t\t\t\t\t<p>Curieux de savoir comment je peux accompagner votre entreprise ?<\/p>\t\t\t\t\t\t\t\t<\/div>\n\t\t\t\t<div class=\"elementor-element elementor-element-5b02d12 elementor-align-center elementor-widget elementor-widget-button\" data-id=\"5b02d12\" data-element_type=\"widget\" data-widget_type=\"button.default\">\n\t\t\t\t\t\t\t\t\t\t<a class=\"elementor-button elementor-button-link elementor-size-sm\" href=\"mailto:celine@malmousqueltd.com\">\n\t\t\t\t\t\t<span class=\"elementor-button-content-wrapper\">\n\t\t\t\t\t\t\t\t\t<span class=\"elementor-button-text\">Contactez-moi<\/span>\n\t\t\t\t\t<\/span>\n\t\t\t\t\t<\/a>\n\t\t\t\t\t\t\t\t<\/div>\n\t\t\t\t\t<\/div>\n\t\t\t\t<\/div>\n\t\t\t\t<\/div>","protected":false},"excerpt":{"rendered":"<p>Tiny FootprintsThe project. Services : Marketing Buying Event organizer Retail Store manager \u00a0 Hong Kong &#8211; Baby &amp; Maternity products Tiny Footprints first Eco baby shop designed for moms to nurse their babies and socialise with their friends. I streamlined operations and drove sales for the company\u2019s retail business. I managed all procurement activities across [&hellip;]<\/p>","protected":false},"author":1,"featured_media":0,"parent":0,"menu_order":0,"comment_status":"closed","ping_status":"closed","template":"elementor_header_footer","meta":{"footnotes":""},"class_list":["post-1288","page","type-page","status-publish","hentry"],"blocksy_meta":{"has_hero_section":"disabled","styles_descriptor":{"styles":{"desktop":"","tablet":"","mobile":""},"google_fonts":[],"version":6}},"_hostinger_reach_plugin_has_subscription_block":false,"_hostinger_reach_plugin_is_elementor":false,"_links":{"self":[{"href":"https:\/\/malmousqueltd.com\/fr_fr\/wp-json\/wp\/v2\/pages\/1288","targetHints":{"allow":["GET"]}}],"collection":[{"href":"https:\/\/malmousqueltd.com\/fr_fr\/wp-json\/wp\/v2\/pages"}],"about":[{"href":"https:\/\/malmousqueltd.com\/fr_fr\/wp-json\/wp\/v2\/types\/page"}],"author":[{"embeddable":true,"href":"https:\/\/malmousqueltd.com\/fr_fr\/wp-json\/wp\/v2\/users\/1"}],"replies":[{"embeddable":true,"href":"https:\/\/malmousqueltd.com\/fr_fr\/wp-json\/wp\/v2\/comments?post=1288"}],"version-history":[{"count":37,"href":"https:\/\/malmousqueltd.com\/fr_fr\/wp-json\/wp\/v2\/pages\/1288\/revisions"}],"predecessor-version":[{"id":2598,"href":"https:\/\/malmousqueltd.com\/fr_fr\/wp-json\/wp\/v2\/pages\/1288\/revisions\/2598"}],"wp:attachment":[{"href":"https:\/\/malmousqueltd.com\/fr_fr\/wp-json\/wp\/v2\/media?parent=1288"}],"curies":[{"name":"wp","href":"https:\/\/api.w.org\/{rel}","templated":true}]}}