{"id":1269,"date":"2025-11-14T14:42:20","date_gmt":"2025-11-14T14:42:20","guid":{"rendered":"https:\/\/malmousqueltd.com\/?page_id=1269"},"modified":"2026-01-15T15:14:51","modified_gmt":"2026-01-15T15:14:51","slug":"atelier-de-paris","status":"publish","type":"page","link":"https:\/\/malmousqueltd.com\/fr_fr\/atelier-de-paris\/","title":{"rendered":"Atelier de Paris"},"content":{"rendered":"<div data-elementor-type=\"wp-page\" data-elementor-id=\"1269\" class=\"elementor elementor-1269\">\n\t\t\t\t<div class=\"elementor-element elementor-element-43a60a7d e-con-full e-flex e-con e-parent\" data-id=\"43a60a7d\" data-element_type=\"container\" data-settings=\"{&quot;background_background&quot;:&quot;classic&quot;}\">\n\t\t\t\t<\/div>\n\t\t<div class=\"elementor-element elementor-element-37131cb1 e-flex e-con-boxed e-con e-parent\" data-id=\"37131cb1\" data-element_type=\"container\" data-settings=\"{&quot;background_background&quot;:&quot;classic&quot;}\">\n\t\t\t\t\t<div class=\"e-con-inner\">\n\t\t<div class=\"elementor-element elementor-element-2ddc4672 e-con-full e-flex e-con e-child\" data-id=\"2ddc4672\" data-element_type=\"container\">\n\t\t\t\t<div class=\"elementor-element elementor-element-23a8fdb2 elementor-widget elementor-widget-text-editor\" data-id=\"23a8fdb2\" data-element_type=\"widget\" data-widget_type=\"text-editor.default\">\n\t\t\t\t\t\t\t\t\t<p><span style=\"color: #52a78d;\">Atelier de Paris <br \/><\/span>Le projet<\/p>\t\t\t\t\t\t\t\t<\/div>\n\t\t\t\t<\/div>\n\t\t<div class=\"elementor-element elementor-element-149dd3c4 e-con-full e-flex e-con e-child\" data-id=\"149dd3c4\" data-element_type=\"container\">\n\t\t\t\t<div class=\"elementor-element elementor-element-1cfc6d31 elementor-widget elementor-widget-text-editor\" data-id=\"1cfc6d31\" data-element_type=\"widget\" data-widget_type=\"text-editor.default\">\n\t\t\t\t\t\t\t\t\t<p><strong>Services :<\/strong><\/p><p class=\"p1\">Ouverture d\u2019un magasin multimarques<\/p><p class=\"p2\">Mise en place et d\u00e9veloppement de l\u2019ensemble de l\u2019activit\u00e9 (du business plan \u00e0 l\u2019ex\u00e9cution)<\/p><p class=\"p2\">\u00c9laboration du business plan et suivi des indicateurs de performance (r\u00e9el et pr\u00e9visionnel)<\/p><p class=\"p2\">forecast numbers<\/p><p class=\"p2\">Mise en place de relations solides et n\u00e9gociation avec les partenaires (fournisseurs, financeurs)<\/p><p class=\"p2\">D\u00e9veloppement de l\u2019identit\u00e9 de marque et du marketing mix<\/p><p class=\"p1\">\u00a0<\/p>\t\t\t\t\t\t\t\t<\/div>\n\t\t\t\t<\/div>\n\t\t\t\t\t<\/div>\n\t\t\t\t<\/div>\n\t\t<div class=\"elementor-element elementor-element-5523f5c8 e-flex e-con-boxed e-con e-parent\" data-id=\"5523f5c8\" data-element_type=\"container\" data-settings=\"{&quot;background_background&quot;:&quot;classic&quot;}\">\n\t\t\t\t\t<div class=\"e-con-inner\">\n\t\t\t\t<div class=\"elementor-element elementor-element-369da257 elementor-widget elementor-widget-text-editor\" data-id=\"369da257\" data-element_type=\"widget\" data-widget_type=\"text-editor.default\">\n\t\t\t\t\t\t\t\t\t<p class=\"p1\">Hong Kong \u2014 Mode enfant<\/p>\t\t\t\t\t\t\t\t<\/div>\n\t\t\t\t<div class=\"elementor-element elementor-element-4b607e9 elementor-widget elementor-widget-text-editor\" data-id=\"4b607e9\" data-element_type=\"widget\" data-widget_type=\"text-editor.default\">\n\t\t\t\t\t\t\t\t\t<p class=\"p1\"><b>Atelier de Paris est une boutique multimarques pour enfants qui introduit de nouveaux labels europ\u00e9ens sur le march\u00e9 hongkongais.<\/b><\/p>\t\t\t\t\t\t\t\t<\/div>\n\t\t\t\t<div class=\"elementor-element elementor-element-3da447dd elementor-widget elementor-widget-text-editor\" data-id=\"3da447dd\" data-element_type=\"widget\" data-widget_type=\"text-editor.default\">\n\t\t\t\t\t\t\t\t\t<p class=\"p1\">Pour Atelier de Paris, l\u2019enjeu principal \u00e9tait de sourcer et d\u2019introduire des marques europ\u00e9ennes premium \u00e0 Hong Kong. L\u2019objectif \u00e9tait de cr\u00e9er une offre compl\u00e8te \u2014 du nouveau-n\u00e9 \u00e0 l\u2019adolescent, pour filles et gar\u00e7ons \u2014 alliant style, qualit\u00e9 et diversit\u00e9 adapt\u00e9e \u00e0 chaque \u00e2ge.<\/p>\t\t\t\t\t\t\t\t<\/div>\n\t\t\t\t<div class=\"elementor-element elementor-element-81c8b73 elementor-widget elementor-widget-counter\" data-id=\"81c8b73\" data-element_type=\"widget\" data-widget_type=\"counter.default\">\n\t\t\t\t\t\t\t<div class=\"elementor-counter\">\n\t\t\t<div class=\"elementor-counter-title\">Marques introduites sur le march\u00e9 asiatique <\/div>\t\t\t<div class=\"elementor-counter-number-wrapper\">\n\t\t\t\t<span class=\"elementor-counter-number-prefix\"><\/span>\n\t\t\t\t<span class=\"elementor-counter-number\" data-duration=\"2000\" data-to-value=\"5\" data-from-value=\"0\" data-delimiter=\",\">0<\/span>\n\t\t\t\t<span class=\"elementor-counter-number-suffix\"><\/span>\n\t\t\t<\/div>\n\t\t<\/div>\n\t\t\t\t\t\t<\/div>\n\t\t\t\t<div class=\"elementor-element elementor-element-83dcfdd elementor-widget elementor-widget-counter\" data-id=\"83dcfdd\" data-element_type=\"widget\" data-widget_type=\"counter.default\">\n\t\t\t\t\t\t\t<div class=\"elementor-counter\">\n\t\t\t<div class=\"elementor-counter-title\">Site internet<\/div>\t\t\t<div class=\"elementor-counter-number-wrapper\">\n\t\t\t\t<span class=\"elementor-counter-number-prefix\"><\/span>\n\t\t\t\t<span class=\"elementor-counter-number\" data-duration=\"2000\" data-to-value=\"1\" data-from-value=\"1\" data-delimiter=\",\">1<\/span>\n\t\t\t\t<span class=\"elementor-counter-number-suffix\"><\/span>\n\t\t\t<\/div>\n\t\t<\/div>\n\t\t\t\t\t\t<\/div>\n\t\t\t\t\t<\/div>\n\t\t\t\t<\/div>\n\t\t<div class=\"elementor-element elementor-element-39883175 e-flex e-con-boxed elementor-invisible e-con e-parent\" data-id=\"39883175\" data-element_type=\"container\" data-settings=\"{&quot;animation&quot;:&quot;fadeIn&quot;}\">\n\t\t\t\t\t<div class=\"e-con-inner\">\n\t\t<div class=\"elementor-element elementor-element-135ba89a e-con-full e-flex e-con e-child\" data-id=\"135ba89a\" data-element_type=\"container\">\n\t\t\t\t<div class=\"elementor-element elementor-element-771b0a96 elementor-widget elementor-widget-image\" data-id=\"771b0a96\" data-element_type=\"widget\" data-widget_type=\"image.default\">\n\t\t\t\t\t\t\t\t\t\t\t\t\t\t\t<img fetchpriority=\"high\" decoding=\"async\" width=\"1024\" height=\"1024\" src=\"https:\/\/malmousqueltd.com\/wp-content\/uploads\/2025\/11\/IMG_3691-1-1024x1024.jpg\" class=\"attachment-large size-large wp-image-1279\" alt=\"\" srcset=\"https:\/\/malmousqueltd.com\/wp-content\/uploads\/2025\/11\/IMG_3691-1-1024x1024.jpg 1024w, https:\/\/malmousqueltd.com\/wp-content\/uploads\/2025\/11\/IMG_3691-1-300x300.jpg 300w, https:\/\/malmousqueltd.com\/wp-content\/uploads\/2025\/11\/IMG_3691-1-150x150.jpg 150w, https:\/\/malmousqueltd.com\/wp-content\/uploads\/2025\/11\/IMG_3691-1-768x768.jpg 768w, https:\/\/malmousqueltd.com\/wp-content\/uploads\/2025\/11\/IMG_3691-1-1536x1536.jpg 1536w, https:\/\/malmousqueltd.com\/wp-content\/uploads\/2025\/11\/IMG_3691-1-2048x2048.jpg 2048w\" sizes=\"(max-width: 1024px) 100vw, 1024px\" \/>\t\t\t\t\t\t\t\t\t\t\t\t\t\t\t<\/div>\n\t\t\t\t<\/div>\n\t\t<div class=\"elementor-element elementor-element-41e802c1 e-con-full e-flex e-con e-child\" data-id=\"41e802c1\" data-element_type=\"container\">\n\t\t\t\t<div class=\"elementor-element elementor-element-14b960e2 elementor-widget elementor-widget-image\" data-id=\"14b960e2\" data-element_type=\"widget\" data-widget_type=\"image.default\">\n\t\t\t\t\t\t\t\t\t\t\t\t\t\t\t<img decoding=\"async\" width=\"1024\" height=\"1024\" src=\"https:\/\/malmousqueltd.com\/wp-content\/uploads\/2025\/11\/IMG_3693-1-1024x1024.jpg\" class=\"attachment-large size-large wp-image-1280\" alt=\"\" srcset=\"https:\/\/malmousqueltd.com\/wp-content\/uploads\/2025\/11\/IMG_3693-1-1024x1024.jpg 1024w, https:\/\/malmousqueltd.com\/wp-content\/uploads\/2025\/11\/IMG_3693-1-300x300.jpg 300w, https:\/\/malmousqueltd.com\/wp-content\/uploads\/2025\/11\/IMG_3693-1-150x150.jpg 150w, https:\/\/malmousqueltd.com\/wp-content\/uploads\/2025\/11\/IMG_3693-1-768x768.jpg 768w, https:\/\/malmousqueltd.com\/wp-content\/uploads\/2025\/11\/IMG_3693-1-1536x1536.jpg 1536w, https:\/\/malmousqueltd.com\/wp-content\/uploads\/2025\/11\/IMG_3693-1-2048x2048.jpg 2048w\" sizes=\"(max-width: 1024px) 100vw, 1024px\" \/>\t\t\t\t\t\t\t\t\t\t\t\t\t\t\t<\/div>\n\t\t\t\t<\/div>\n\t\t\t\t\t<\/div>\n\t\t\t\t<\/div>\n\t\t<div class=\"elementor-element elementor-element-baeb840 e-flex e-con-boxed e-con e-parent\" data-id=\"baeb840\" data-element_type=\"container\" data-settings=\"{&quot;background_background&quot;:&quot;classic&quot;}\">\n\t\t\t\t\t<div class=\"e-con-inner\">\n\t\t\t\t<div class=\"elementor-element elementor-element-153f231 elementor-widget elementor-widget-text-editor\" data-id=\"153f231\" data-element_type=\"widget\" data-widget_type=\"text-editor.default\">\n\t\t\t\t\t\t\t\t\t<p class=\"p1\">Nous avons construit un \u00e9cosyst\u00e8me digital complet : un site e-commerce, des newsletters cibl\u00e9es et une pr\u00e9sence coh\u00e9rente sur les r\u00e9seaux sociaux afin d\u2019engager les clients et de renforcer leur fid\u00e9lit\u00e9.<\/p>\t\t\t\t\t\t\t\t<\/div>\n\t\t\t\t<div class=\"elementor-element elementor-element-f66ed08 elementor-widget elementor-widget-text-editor\" data-id=\"f66ed08\" data-element_type=\"widget\" data-widget_type=\"text-editor.default\">\n\t\t\t\t\t\t\t\t\t<p class=\"p1\">En parall\u00e8le, nous avons con\u00e7u l\u2019am\u00e9nagement du point de vente et optimis\u00e9 les parcours clients pour offrir une exp\u00e9rience en magasin fluide, agr\u00e9able et align\u00e9e avec l\u2019identit\u00e9 premium de la marque.<\/p>\t\t\t\t\t\t\t\t<\/div>\n\t\t\t\t\t<\/div>\n\t\t\t\t<\/div>\n\t\t<div class=\"elementor-element elementor-element-19957d56 e-flex e-con-boxed elementor-invisible e-con e-parent\" data-id=\"19957d56\" data-element_type=\"container\" data-settings=\"{&quot;animation&quot;:&quot;fadeIn&quot;}\">\n\t\t\t\t\t<div class=\"e-con-inner\">\n\t\t<div class=\"elementor-element elementor-element-31972c82 e-con-full e-flex e-con e-child\" data-id=\"31972c82\" data-element_type=\"container\">\n\t\t\t\t<div class=\"elementor-element elementor-element-f929c0 elementor-widget elementor-widget-image\" data-id=\"f929c0\" data-element_type=\"widget\" data-widget_type=\"image.default\">\n\t\t\t\t\t\t\t\t\t\t\t\t\t\t\t<img decoding=\"async\" width=\"800\" height=\"600\" src=\"https:\/\/malmousqueltd.com\/wp-content\/uploads\/2025\/11\/IMG_3018.jpg\" class=\"attachment-large size-large wp-image-1281\" alt=\"\" srcset=\"https:\/\/malmousqueltd.com\/wp-content\/uploads\/2025\/11\/IMG_3018.jpg 800w, https:\/\/malmousqueltd.com\/wp-content\/uploads\/2025\/11\/IMG_3018-300x225.jpg 300w, https:\/\/malmousqueltd.com\/wp-content\/uploads\/2025\/11\/IMG_3018-768x576.jpg 768w\" sizes=\"(max-width: 800px) 100vw, 800px\" \/>\t\t\t\t\t\t\t\t\t\t\t\t\t\t\t<\/div>\n\t\t\t\t<\/div>\n\t\t<div class=\"elementor-element elementor-element-7cd67302 e-con-full e-flex e-con e-child\" data-id=\"7cd67302\" data-element_type=\"container\">\n\t\t\t\t<div class=\"elementor-element elementor-element-c6c97bb elementor-widget elementor-widget-image\" data-id=\"c6c97bb\" data-element_type=\"widget\" data-widget_type=\"image.default\">\n\t\t\t\t\t\t\t\t\t\t\t\t\t\t\t<img loading=\"lazy\" decoding=\"async\" width=\"1024\" height=\"768\" src=\"https:\/\/malmousqueltd.com\/wp-content\/uploads\/2025\/11\/IMG_2968-2-1024x768.jpg\" class=\"attachment-large size-large wp-image-1277\" alt=\"\" srcset=\"https:\/\/malmousqueltd.com\/wp-content\/uploads\/2025\/11\/IMG_2968-2-1024x768.jpg 1024w, https:\/\/malmousqueltd.com\/wp-content\/uploads\/2025\/11\/IMG_2968-2-300x225.jpg 300w, https:\/\/malmousqueltd.com\/wp-content\/uploads\/2025\/11\/IMG_2968-2-768x576.jpg 768w, https:\/\/malmousqueltd.com\/wp-content\/uploads\/2025\/11\/IMG_2968-2-1536x1152.jpg 1536w, https:\/\/malmousqueltd.com\/wp-content\/uploads\/2025\/11\/IMG_2968-2-2048x1536.jpg 2048w\" sizes=\"(max-width: 1024px) 100vw, 1024px\" \/>\t\t\t\t\t\t\t\t\t\t\t\t\t\t\t<\/div>\n\t\t\t\t<\/div>\n\t\t\t\t\t<\/div>\n\t\t\t\t<\/div>\n\t\t<div class=\"elementor-element elementor-element-0ffc345 e-flex e-con-boxed e-con e-parent\" data-id=\"0ffc345\" data-element_type=\"container\">\n\t\t\t\t\t<div class=\"e-con-inner\">\n\t\t\t\t<div class=\"elementor-element elementor-element-c79d0f5 elementor-widget elementor-widget-text-editor\" data-id=\"c79d0f5\" data-element_type=\"widget\" data-widget_type=\"text-editor.default\">\n\t\t\t\t\t\t\t\t\t<p>Curieux de savoir comment je peux accompagner votre entreprise ?<\/p>\t\t\t\t\t\t\t\t<\/div>\n\t\t\t\t<div class=\"elementor-element elementor-element-a34ab66 elementor-align-center elementor-widget elementor-widget-button\" data-id=\"a34ab66\" data-element_type=\"widget\" data-widget_type=\"button.default\">\n\t\t\t\t\t\t\t\t\t\t<a class=\"elementor-button elementor-button-link elementor-size-sm\" href=\"mailto:celine@malmousqueltd.com\">\n\t\t\t\t\t\t<span class=\"elementor-button-content-wrapper\">\n\t\t\t\t\t\t\t\t\t<span class=\"elementor-button-text\">Contactez-moi<\/span>\n\t\t\t\t\t<\/span>\n\t\t\t\t\t<\/a>\n\t\t\t\t\t\t\t\t<\/div>\n\t\t\t\t\t<\/div>\n\t\t\t\t<\/div>\n\t\t\t\t<\/div>","protected":false},"excerpt":{"rendered":"<p>Atelier de Paris The project. Services : Open a multi brand store Setting up and development of the entire business (from business plan to execution) Establishment of business plan and monitoring of performance indicators related to actual and forecast numbers Establishment of strong relationships and negotiation with partners (suppliers, financiers) Development of brand\u2019s identity and [&hellip;]<\/p>","protected":false},"author":1,"featured_media":0,"parent":0,"menu_order":0,"comment_status":"closed","ping_status":"closed","template":"elementor_header_footer","meta":{"footnotes":""},"class_list":["post-1269","page","type-page","status-publish","hentry"],"blocksy_meta":{"has_hero_section":"disabled","styles_descriptor":{"styles":{"desktop":"","tablet":"","mobile":""},"google_fonts":[],"version":6}},"_hostinger_reach_plugin_has_subscription_block":false,"_hostinger_reach_plugin_is_elementor":false,"_links":{"self":[{"href":"https:\/\/malmousqueltd.com\/fr_fr\/wp-json\/wp\/v2\/pages\/1269","targetHints":{"allow":["GET"]}}],"collection":[{"href":"https:\/\/malmousqueltd.com\/fr_fr\/wp-json\/wp\/v2\/pages"}],"about":[{"href":"https:\/\/malmousqueltd.com\/fr_fr\/wp-json\/wp\/v2\/types\/page"}],"author":[{"embeddable":true,"href":"https:\/\/malmousqueltd.com\/fr_fr\/wp-json\/wp\/v2\/users\/1"}],"replies":[{"embeddable":true,"href":"https:\/\/malmousqueltd.com\/fr_fr\/wp-json\/wp\/v2\/comments?post=1269"}],"version-history":[{"count":58,"href":"https:\/\/malmousqueltd.com\/fr_fr\/wp-json\/wp\/v2\/pages\/1269\/revisions"}],"predecessor-version":[{"id":2595,"href":"https:\/\/malmousqueltd.com\/fr_fr\/wp-json\/wp\/v2\/pages\/1269\/revisions\/2595"}],"wp:attachment":[{"href":"https:\/\/malmousqueltd.com\/fr_fr\/wp-json\/wp\/v2\/media?parent=1269"}],"curies":[{"name":"wp","href":"https:\/\/api.w.org\/{rel}","templated":true}]}}