{"id":1250,"date":"2025-11-14T08:47:31","date_gmt":"2025-11-14T08:47:31","guid":{"rendered":"https:\/\/malmousqueltd.com\/?page_id=1250"},"modified":"2026-01-15T15:14:37","modified_gmt":"2026-01-15T15:14:37","slug":"3zenfants","status":"publish","type":"page","link":"https:\/\/malmousqueltd.com\/fr_fr\/3zenfants\/","title":{"rendered":"3zenfants"},"content":{"rendered":"<div data-elementor-type=\"wp-page\" data-elementor-id=\"1250\" class=\"elementor elementor-1250\">\n\t\t\t\t<div class=\"elementor-element elementor-element-33750b84 e-con-full e-flex e-con e-parent\" data-id=\"33750b84\" data-element_type=\"container\" data-settings=\"{&quot;background_background&quot;:&quot;classic&quot;}\">\n\t\t\t\t<\/div>\n\t\t<div class=\"elementor-element elementor-element-4478e26c e-flex e-con-boxed e-con e-parent\" data-id=\"4478e26c\" data-element_type=\"container\" data-settings=\"{&quot;background_background&quot;:&quot;classic&quot;}\">\n\t\t\t\t\t<div class=\"e-con-inner\">\n\t\t<div class=\"elementor-element elementor-element-48e06642 e-con-full e-flex e-con e-child\" data-id=\"48e06642\" data-element_type=\"container\">\n\t\t\t\t<div class=\"elementor-element elementor-element-18d82efc elementor-widget elementor-widget-text-editor\" data-id=\"18d82efc\" data-element_type=\"widget\" data-widget_type=\"text-editor.default\">\n\t\t\t\t\t\t\t\t\t<p><span style=\"color: #52a78d;\">TroiZenfantS,<br \/><\/span>Le projet<\/p>\t\t\t\t\t\t\t\t<\/div>\n\t\t\t\t<\/div>\n\t\t<div class=\"elementor-element elementor-element-6ff4473e e-con-full e-flex e-con e-child\" data-id=\"6ff4473e\" data-element_type=\"container\">\n\t\t\t\t<div class=\"elementor-element elementor-element-248287cc elementor-widget elementor-widget-text-editor\" data-id=\"248287cc\" data-element_type=\"widget\" data-widget_type=\"text-editor.default\">\n\t\t\t\t\t\t\t\t\t<p><strong>Services :<\/strong><\/p><p class=\"p2\">D\u00e9finition et d\u00e9veloppement du concept de flagship en Asie<\/p><p class=\"p2\">Mise en place et d\u00e9veloppement de l\u2019ensemble de l\u2019activit\u00e9 (du business plan \u00e0 l\u2019ex\u00e9cution)<\/p><p class=\"p2\">\u00c9laboration du business plan et suivi des indicateurs de performance (r\u00e9el vs pr\u00e9visionnel)<\/p><p class=\"p2\">Mise en place de relations solides et n\u00e9gociation avec les partenaires (fournisseurs, financeurs)<\/p><p>Ouverture d\u2019un flagship store en Asie<\/p><p class=\"p2\">D\u00e9veloppement de l\u2019identit\u00e9 de marque et du marketing mix<\/p><p class=\"p2\">Distributeur exclusif \u00e0 Hong Kong, Singapour et au Japon<\/p><p class=\"p2\">Ouverture d\u2019un corner shop chez Takashimaya \u00e0 Singapour<\/p><p class=\"p1\">\u00a0<\/p>\t\t\t\t\t\t\t\t<\/div>\n\t\t\t\t<\/div>\n\t\t\t\t\t<\/div>\n\t\t\t\t<\/div>\n\t\t<div class=\"elementor-element elementor-element-18bcfebb e-flex e-con-boxed e-con e-parent\" data-id=\"18bcfebb\" data-element_type=\"container\" data-settings=\"{&quot;background_background&quot;:&quot;classic&quot;}\">\n\t\t\t\t\t<div class=\"e-con-inner\">\n\t\t\t\t<div class=\"elementor-element elementor-element-489323da elementor-widget elementor-widget-text-editor\" data-id=\"489323da\" data-element_type=\"widget\" data-widget_type=\"text-editor.default\">\n\t\t\t\t\t\t\t\t\t<p class=\"p1\">Hong Kong \u2014 Singapour \u2014 Japon \u2014 Mode enfant<\/p>\t\t\t\t\t\t\t\t<\/div>\n\t\t\t\t<div class=\"elementor-element elementor-element-dc52c35 elementor-widget elementor-widget-text-editor\" data-id=\"dc52c35\" data-element_type=\"widget\" data-widget_type=\"text-editor.default\">\n\t\t\t\t\t\t\t\t\t<p class=\"p1\"><b>TroiZenfantS est une marque de v\u00eatements pour enfants cr\u00e9\u00e9e par deux amies passionn\u00e9es de mode, proposant des collections <\/b><span class=\"s1\"><b>b\u00e9b\u00e9<\/b><\/span><b> et enfant toujours actuelles.<\/b><\/p>\t\t\t\t\t\t\t\t<\/div>\n\t\t\t\t<div class=\"elementor-element elementor-element-629b814 elementor-widget elementor-widget-text-editor\" data-id=\"629b814\" data-element_type=\"widget\" data-widget_type=\"text-editor.default\">\n\t\t\t\t\t\t\t\t\t<p class=\"p1\">J\u2019ai lanc\u00e9 un flagship de mode enfant haut de gamme \u00e0 Hong Kong, introduisant une marque europ\u00e9enne de r\u00e9f\u00e9rence sur le march\u00e9 asiatique. La boutique est rapidement devenue une destination incontournable et a atteint un chiffre d\u2019affaires annuel de 2 millions HK$.<\/p>\t\t\t\t\t\t\t\t<\/div>\n\t\t\t\t<div class=\"elementor-element elementor-element-7b55697 elementor-widget elementor-widget-counter\" data-id=\"7b55697\" data-element_type=\"widget\" data-widget_type=\"counter.default\">\n\t\t\t\t\t\t\t<div class=\"elementor-counter\">\n\t\t\t<div class=\"elementor-counter-title\">Pays distribu\u00e9s<\/div>\t\t\t<div class=\"elementor-counter-number-wrapper\">\n\t\t\t\t<span class=\"elementor-counter-number-prefix\"><\/span>\n\t\t\t\t<span class=\"elementor-counter-number\" data-duration=\"2000\" data-to-value=\"3\" data-from-value=\"3\" data-delimiter=\",\">3<\/span>\n\t\t\t\t<span class=\"elementor-counter-number-suffix\"><\/span>\n\t\t\t<\/div>\n\t\t<\/div>\n\t\t\t\t\t\t<\/div>\n\t\t\t\t<div class=\"elementor-element elementor-element-6cb3d85 elementor-widget elementor-widget-counter\" data-id=\"6cb3d85\" data-element_type=\"widget\" data-widget_type=\"counter.default\">\n\t\t\t\t\t\t\t<div class=\"elementor-counter\">\n\t\t\t<div class=\"elementor-counter-title\">Boutique \u00e0 Hong Kong<\/div>\t\t\t<div class=\"elementor-counter-number-wrapper\">\n\t\t\t\t<span class=\"elementor-counter-number-prefix\"><\/span>\n\t\t\t\t<span class=\"elementor-counter-number\" data-duration=\"2000\" data-to-value=\"1\" data-from-value=\"1\" data-delimiter=\",\">1<\/span>\n\t\t\t\t<span class=\"elementor-counter-number-suffix\"><\/span>\n\t\t\t<\/div>\n\t\t<\/div>\n\t\t\t\t\t\t<\/div>\n\t\t\t\t<div class=\"elementor-element elementor-element-90752cb elementor-widget elementor-widget-counter\" data-id=\"90752cb\" data-element_type=\"widget\" data-widget_type=\"counter.default\">\n\t\t\t\t\t\t\t<div class=\"elementor-counter\">\n\t\t\t<div class=\"elementor-counter-title\">Pop up shop \u00e0 Takashimya \u00e0 Singapour<\/div>\t\t\t<div class=\"elementor-counter-number-wrapper\">\n\t\t\t\t<span class=\"elementor-counter-number-prefix\"><\/span>\n\t\t\t\t<span class=\"elementor-counter-number\" data-duration=\"2000\" data-to-value=\"1\" data-from-value=\"1\" data-delimiter=\",\">1<\/span>\n\t\t\t\t<span class=\"elementor-counter-number-suffix\"><\/span>\n\t\t\t<\/div>\n\t\t<\/div>\n\t\t\t\t\t\t<\/div>\n\t\t\t\t\t<\/div>\n\t\t\t\t<\/div>\n\t\t<div class=\"elementor-element elementor-element-cc21458 e-flex e-con-boxed elementor-invisible e-con e-parent\" data-id=\"cc21458\" data-element_type=\"container\" data-settings=\"{&quot;animation&quot;:&quot;fadeIn&quot;}\">\n\t\t\t\t\t<div class=\"e-con-inner\">\n\t\t<div class=\"elementor-element elementor-element-75911856 e-con-full e-flex e-con e-child\" data-id=\"75911856\" data-element_type=\"container\">\n\t\t\t\t<div class=\"elementor-element elementor-element-134b15aa elementor-widget elementor-widget-image\" data-id=\"134b15aa\" data-element_type=\"widget\" data-widget_type=\"image.default\">\n\t\t\t\t\t\t\t\t\t\t\t\t\t\t\t<img fetchpriority=\"high\" decoding=\"async\" width=\"702\" height=\"1024\" src=\"https:\/\/malmousqueltd.com\/wp-content\/uploads\/2025\/12\/DSC_0296-copy-702x1024.jpg\" class=\"attachment-large size-large wp-image-1717\" alt=\"\" srcset=\"https:\/\/malmousqueltd.com\/wp-content\/uploads\/2025\/12\/DSC_0296-copy-702x1024.jpg 702w, https:\/\/malmousqueltd.com\/wp-content\/uploads\/2025\/12\/DSC_0296-copy-206x300.jpg 206w, https:\/\/malmousqueltd.com\/wp-content\/uploads\/2025\/12\/DSC_0296-copy-768x1120.jpg 768w, https:\/\/malmousqueltd.com\/wp-content\/uploads\/2025\/12\/DSC_0296-copy-1053x1536.jpg 1053w, https:\/\/malmousqueltd.com\/wp-content\/uploads\/2025\/12\/DSC_0296-copy-1405x2048.jpg 1405w, https:\/\/malmousqueltd.com\/wp-content\/uploads\/2025\/12\/DSC_0296-copy-scaled.jpg 1756w\" sizes=\"(max-width: 702px) 100vw, 702px\" \/>\t\t\t\t\t\t\t\t\t\t\t\t\t\t\t<\/div>\n\t\t\t\t<\/div>\n\t\t<div class=\"elementor-element elementor-element-695a1cb7 e-con-full e-flex e-con e-child\" data-id=\"695a1cb7\" data-element_type=\"container\">\n\t\t\t\t<div class=\"elementor-element elementor-element-24c7f382 elementor-widget elementor-widget-image\" data-id=\"24c7f382\" data-element_type=\"widget\" data-widget_type=\"image.default\">\n\t\t\t\t\t\t\t\t\t\t\t\t\t\t\t<img decoding=\"async\" width=\"1024\" height=\"683\" src=\"https:\/\/malmousqueltd.com\/wp-content\/uploads\/2025\/12\/DSC_0303-copy-1024x683.jpg\" class=\"attachment-large size-large wp-image-1722\" alt=\"\" srcset=\"https:\/\/malmousqueltd.com\/wp-content\/uploads\/2025\/12\/DSC_0303-copy-1024x683.jpg 1024w, https:\/\/malmousqueltd.com\/wp-content\/uploads\/2025\/12\/DSC_0303-copy-300x200.jpg 300w, https:\/\/malmousqueltd.com\/wp-content\/uploads\/2025\/12\/DSC_0303-copy-768x512.jpg 768w, https:\/\/malmousqueltd.com\/wp-content\/uploads\/2025\/12\/DSC_0303-copy-1536x1024.jpg 1536w, https:\/\/malmousqueltd.com\/wp-content\/uploads\/2025\/12\/DSC_0303-copy-2048x1365.jpg 2048w\" sizes=\"(max-width: 1024px) 100vw, 1024px\" \/>\t\t\t\t\t\t\t\t\t\t\t\t\t\t\t<\/div>\n\t\t\t\t<div class=\"elementor-element elementor-element-f61257e elementor-widget elementor-widget-image\" data-id=\"f61257e\" data-element_type=\"widget\" data-widget_type=\"image.default\">\n\t\t\t\t\t\t\t\t\t\t\t\t\t\t\t<img decoding=\"async\" width=\"1024\" height=\"683\" src=\"https:\/\/malmousqueltd.com\/wp-content\/uploads\/2025\/12\/DSC_0271-copy-1024x683.jpg\" class=\"attachment-large size-large wp-image-1726\" alt=\"\" srcset=\"https:\/\/malmousqueltd.com\/wp-content\/uploads\/2025\/12\/DSC_0271-copy-1024x683.jpg 1024w, https:\/\/malmousqueltd.com\/wp-content\/uploads\/2025\/12\/DSC_0271-copy-300x200.jpg 300w, https:\/\/malmousqueltd.com\/wp-content\/uploads\/2025\/12\/DSC_0271-copy-768x512.jpg 768w, https:\/\/malmousqueltd.com\/wp-content\/uploads\/2025\/12\/DSC_0271-copy-1536x1024.jpg 1536w, https:\/\/malmousqueltd.com\/wp-content\/uploads\/2025\/12\/DSC_0271-copy-2048x1365.jpg 2048w\" sizes=\"(max-width: 1024px) 100vw, 1024px\" \/>\t\t\t\t\t\t\t\t\t\t\t\t\t\t\t<\/div>\n\t\t\t\t<\/div>\n\t\t\t\t\t<\/div>\n\t\t\t\t<\/div>\n\t\t<div class=\"elementor-element elementor-element-5f006a1 e-flex e-con-boxed e-con e-parent\" data-id=\"5f006a1\" data-element_type=\"container\">\n\t\t\t\t\t<div class=\"e-con-inner\">\n\t\t\t\t<div class=\"elementor-element elementor-element-fbfa7e4 elementor-widget elementor-widget-text-editor\" data-id=\"fbfa7e4\" data-element_type=\"widget\" data-widget_type=\"text-editor.default\">\n\t\t\t\t\t\t\t\t\t<p class=\"p1\">J\u2019ai ensuite d\u00e9velopp\u00e9 la distribution \u00e0 Hong Kong, Singapour et au Japon, en construisant des partenariats s\u00e9lectifs et en assurant une pr\u00e9sence r\u00e9gionale solide.<\/p>\t\t\t\t\t\t\t\t<\/div>\n\t\t\t\t\t<\/div>\n\t\t\t\t<\/div>\n\t\t<div class=\"elementor-element elementor-element-46678a34 e-flex e-con-boxed elementor-invisible e-con e-parent\" data-id=\"46678a34\" data-element_type=\"container\" data-settings=\"{&quot;animation&quot;:&quot;fadeIn&quot;}\">\n\t\t\t\t\t<div class=\"e-con-inner\">\n\t\t<div class=\"elementor-element elementor-element-77a11e67 e-con-full e-flex e-con e-child\" data-id=\"77a11e67\" data-element_type=\"container\">\n\t\t\t\t<div class=\"elementor-element elementor-element-46e10021 elementor-widget elementor-widget-image\" data-id=\"46e10021\" data-element_type=\"widget\" data-widget_type=\"image.default\">\n\t\t\t\t\t\t\t\t\t\t\t\t\t\t\t<img loading=\"lazy\" decoding=\"async\" width=\"1024\" height=\"768\" src=\"https:\/\/malmousqueltd.com\/wp-content\/uploads\/2025\/10\/IMG_1817-1024x768.jpg\" class=\"attachment-large size-large wp-image-678\" alt=\"\" srcset=\"https:\/\/malmousqueltd.com\/wp-content\/uploads\/2025\/10\/IMG_1817-1024x768.jpg 1024w, https:\/\/malmousqueltd.com\/wp-content\/uploads\/2025\/10\/IMG_1817-300x225.jpg 300w, https:\/\/malmousqueltd.com\/wp-content\/uploads\/2025\/10\/IMG_1817-768x576.jpg 768w, https:\/\/malmousqueltd.com\/wp-content\/uploads\/2025\/10\/IMG_1817-1536x1152.jpg 1536w, https:\/\/malmousqueltd.com\/wp-content\/uploads\/2025\/10\/IMG_1817-2048x1536.jpg 2048w\" sizes=\"(max-width: 1024px) 100vw, 1024px\" \/>\t\t\t\t\t\t\t\t\t\t\t\t\t\t\t<\/div>\n\t\t\t\t<\/div>\n\t\t<div class=\"elementor-element elementor-element-5a8b2460 e-con-full e-flex e-con e-child\" data-id=\"5a8b2460\" data-element_type=\"container\">\n\t\t\t\t<div class=\"elementor-element elementor-element-44c70499 elementor-widget elementor-widget-image\" data-id=\"44c70499\" data-element_type=\"widget\" data-widget_type=\"image.default\">\n\t\t\t\t\t\t\t\t\t\t\t\t\t\t\t<img loading=\"lazy\" decoding=\"async\" width=\"1024\" height=\"683\" src=\"https:\/\/malmousqueltd.com\/wp-content\/uploads\/2025\/12\/DSC_0223-1024x683.jpg\" class=\"attachment-large size-large wp-image-1669\" alt=\"\" srcset=\"https:\/\/malmousqueltd.com\/wp-content\/uploads\/2025\/12\/DSC_0223-1024x683.jpg 1024w, https:\/\/malmousqueltd.com\/wp-content\/uploads\/2025\/12\/DSC_0223-300x200.jpg 300w, https:\/\/malmousqueltd.com\/wp-content\/uploads\/2025\/12\/DSC_0223-768x512.jpg 768w, https:\/\/malmousqueltd.com\/wp-content\/uploads\/2025\/12\/DSC_0223-1536x1024.jpg 1536w, https:\/\/malmousqueltd.com\/wp-content\/uploads\/2025\/12\/DSC_0223-2048x1365.jpg 2048w\" sizes=\"(max-width: 1024px) 100vw, 1024px\" \/>\t\t\t\t\t\t\t\t\t\t\t\t\t\t\t<\/div>\n\t\t\t\t<\/div>\n\t\t\t\t\t<\/div>\n\t\t\t\t<\/div>\n\t\t<div class=\"elementor-element elementor-element-23403de e-flex e-con-boxed e-con e-parent\" data-id=\"23403de\" data-element_type=\"container\">\n\t\t\t\t\t<div class=\"e-con-inner\">\n\t\t\t\t<div class=\"elementor-element elementor-element-1e0f42b elementor-widget elementor-widget-image\" data-id=\"1e0f42b\" data-element_type=\"widget\" data-widget_type=\"image.default\">\n\t\t\t\t\t\t\t\t\t\t\t\t\t\t\t<img loading=\"lazy\" decoding=\"async\" width=\"768\" height=\"1024\" src=\"https:\/\/malmousqueltd.com\/wp-content\/uploads\/2025\/12\/Photo-3.png\" class=\"attachment-large size-large wp-image-1665\" alt=\"\" srcset=\"https:\/\/malmousqueltd.com\/wp-content\/uploads\/2025\/12\/Photo-3.png 768w, https:\/\/malmousqueltd.com\/wp-content\/uploads\/2025\/12\/Photo-3-225x300.png 225w\" sizes=\"(max-width: 768px) 100vw, 768px\" \/>\t\t\t\t\t\t\t\t\t\t\t\t\t\t\t<\/div>\n\t\t\t\t\t<\/div>\n\t\t\t\t<\/div>\n\t\t<div class=\"elementor-element elementor-element-f00a263 e-flex e-con-boxed e-con e-parent\" data-id=\"f00a263\" data-element_type=\"container\">\n\t\t\t\t\t<div class=\"e-con-inner\">\n\t\t\t\t<div class=\"elementor-element elementor-element-134e256 elementor-widget elementor-widget-text-editor\" data-id=\"134e256\" data-element_type=\"widget\" data-widget_type=\"text-editor.default\">\n\t\t\t\t\t\t\t\t\t<p class=\"p1\">J\u2019ai pilot\u00e9 le projet de bout en bout : \u00e9tude de march\u00e9, budg\u00e9tisation, op\u00e9rations et management des \u00e9quipes. J\u2019ai d\u00e9velopp\u00e9 l\u2019ensemble de l\u2019\u00e9cosyst\u00e8me marketing, incluant l\u2019e-commerce, les campagnes digitales, les supports imprim\u00e9s et les relations presse.<\/p>\t\t\t\t\t\t\t\t<\/div>\n\t\t\t\t<div class=\"elementor-element elementor-element-2e05aaa elementor-widget elementor-widget-text-editor\" data-id=\"2e05aaa\" data-element_type=\"widget\" data-widget_type=\"text-editor.default\">\n\t\t\t\t\t\t\t\t\t<p class=\"p1\">Ce projet illustre une approche rigoureuse du positionnement de marque, une ex\u00e9cution ma\u00eetris\u00e9e et un engagement fort en faveur d\u2019une exp\u00e9rience client haut de gamme.<\/p>\t\t\t\t\t\t\t\t<\/div>\n\t\t\t\t\t<\/div>\n\t\t\t\t<\/div>\n\t\t<div class=\"elementor-element elementor-element-76cca0d e-flex e-con-boxed elementor-invisible e-con e-parent\" data-id=\"76cca0d\" data-element_type=\"container\" data-settings=\"{&quot;animation&quot;:&quot;fadeIn&quot;}\">\n\t\t\t\t\t<div class=\"e-con-inner\">\n\t\t<div class=\"elementor-element elementor-element-6f3582f e-con-full e-flex e-con e-child\" data-id=\"6f3582f\" data-element_type=\"container\">\n\t\t\t\t<div class=\"elementor-element elementor-element-2b1f666 elementor-widget elementor-widget-image\" data-id=\"2b1f666\" data-element_type=\"widget\" data-widget_type=\"image.default\">\n\t\t\t\t\t\t\t\t\t\t\t\t\t\t\t<img loading=\"lazy\" decoding=\"async\" width=\"768\" height=\"1024\" src=\"https:\/\/malmousqueltd.com\/wp-content\/uploads\/2025\/11\/17-768x1024.jpg\" class=\"attachment-large size-large wp-image-1264\" alt=\"\" srcset=\"https:\/\/malmousqueltd.com\/wp-content\/uploads\/2025\/11\/17-768x1024.jpg 768w, https:\/\/malmousqueltd.com\/wp-content\/uploads\/2025\/11\/17-225x300.jpg 225w, https:\/\/malmousqueltd.com\/wp-content\/uploads\/2025\/11\/17-1152x1536.jpg 1152w, https:\/\/malmousqueltd.com\/wp-content\/uploads\/2025\/11\/17-1536x2048.jpg 1536w, https:\/\/malmousqueltd.com\/wp-content\/uploads\/2025\/11\/17-scaled.jpg 1920w\" sizes=\"(max-width: 768px) 100vw, 768px\" \/>\t\t\t\t\t\t\t\t\t\t\t\t\t\t\t<\/div>\n\t\t\t\t<\/div>\n\t\t<div class=\"elementor-element elementor-element-19ef4ab e-con-full e-flex e-con e-child\" data-id=\"19ef4ab\" data-element_type=\"container\">\n\t\t\t\t<div class=\"elementor-element elementor-element-068ef06 elementor-widget elementor-widget-image\" data-id=\"068ef06\" data-element_type=\"widget\" data-widget_type=\"image.default\">\n\t\t\t\t\t\t\t\t\t\t\t\t\t\t\t<img loading=\"lazy\" decoding=\"async\" width=\"683\" height=\"1024\" src=\"https:\/\/malmousqueltd.com\/wp-content\/uploads\/2025\/11\/24-683x1024.jpg\" class=\"attachment-large size-large wp-image-1265\" alt=\"\" srcset=\"https:\/\/malmousqueltd.com\/wp-content\/uploads\/2025\/11\/24-683x1024.jpg 683w, https:\/\/malmousqueltd.com\/wp-content\/uploads\/2025\/11\/24-200x300.jpg 200w, https:\/\/malmousqueltd.com\/wp-content\/uploads\/2025\/11\/24-768x1151.jpg 768w, https:\/\/malmousqueltd.com\/wp-content\/uploads\/2025\/11\/24-1025x1536.jpg 1025w, https:\/\/malmousqueltd.com\/wp-content\/uploads\/2025\/11\/24-1367x2048.jpg 1367w, https:\/\/malmousqueltd.com\/wp-content\/uploads\/2025\/11\/24-scaled.jpg 1709w\" sizes=\"(max-width: 683px) 100vw, 683px\" \/>\t\t\t\t\t\t\t\t\t\t\t\t\t\t\t<\/div>\n\t\t\t\t<\/div>\n\t\t\t\t\t<\/div>\n\t\t\t\t<\/div>\n\t\t<div class=\"elementor-element elementor-element-9372855 e-flex e-con-boxed e-con e-parent\" data-id=\"9372855\" data-element_type=\"container\">\n\t\t\t\t\t<div class=\"e-con-inner\">\n\t\t\t\t<div class=\"elementor-element elementor-element-d26d2f2 elementor-widget elementor-widget-text-editor\" data-id=\"d26d2f2\" data-element_type=\"widget\" data-widget_type=\"text-editor.default\">\n\t\t\t\t\t\t\t\t\t<p>Curieux de savoir comment je peux accompagner votre entreprise ?<\/p>\t\t\t\t\t\t\t\t<\/div>\n\t\t\t\t<div class=\"elementor-element elementor-element-2906474 elementor-align-center elementor-widget elementor-widget-button\" data-id=\"2906474\" data-element_type=\"widget\" data-widget_type=\"button.default\">\n\t\t\t\t\t\t\t\t\t\t<a class=\"elementor-button elementor-button-link elementor-size-sm\" href=\"mailto:celine@malmousqueltd.com\">\n\t\t\t\t\t\t<span class=\"elementor-button-content-wrapper\">\n\t\t\t\t\t\t\t\t\t<span class=\"elementor-button-text\">Lets' connect<\/span>\n\t\t\t\t\t<\/span>\n\t\t\t\t\t<\/a>\n\t\t\t\t\t\t\t\t<\/div>\n\t\t\t\t\t<\/div>\n\t\t\t\t<\/div>\n\t\t\t\t<\/div>","protected":false},"excerpt":{"rendered":"<p>TroiZenfantSThe project. Services : Definition and development of flagship concept in Asia Setting up and development of the entire business (from business plan to execution) Establishment of business plan and monitoring of performance indicators related to actual and forecast numbers Establishment of strong relationships and negotiation with partners (suppliers, financiers) Open a Flagship Store in [&hellip;]<\/p>","protected":false},"author":1,"featured_media":0,"parent":0,"menu_order":0,"comment_status":"closed","ping_status":"closed","template":"","meta":{"footnotes":""},"class_list":["post-1250","page","type-page","status-publish","hentry"],"blocksy_meta":{"has_hero_section":"disabled","styles_descriptor":{"styles":{"desktop":"","tablet":"","mobile":""},"google_fonts":[],"version":6}},"_hostinger_reach_plugin_has_subscription_block":false,"_hostinger_reach_plugin_is_elementor":false,"_links":{"self":[{"href":"https:\/\/malmousqueltd.com\/fr_fr\/wp-json\/wp\/v2\/pages\/1250","targetHints":{"allow":["GET"]}}],"collection":[{"href":"https:\/\/malmousqueltd.com\/fr_fr\/wp-json\/wp\/v2\/pages"}],"about":[{"href":"https:\/\/malmousqueltd.com\/fr_fr\/wp-json\/wp\/v2\/types\/page"}],"author":[{"embeddable":true,"href":"https:\/\/malmousqueltd.com\/fr_fr\/wp-json\/wp\/v2\/users\/1"}],"replies":[{"embeddable":true,"href":"https:\/\/malmousqueltd.com\/fr_fr\/wp-json\/wp\/v2\/comments?post=1250"}],"version-history":[{"count":97,"href":"https:\/\/malmousqueltd.com\/fr_fr\/wp-json\/wp\/v2\/pages\/1250\/revisions"}],"predecessor-version":[{"id":2592,"href":"https:\/\/malmousqueltd.com\/fr_fr\/wp-json\/wp\/v2\/pages\/1250\/revisions\/2592"}],"wp:attachment":[{"href":"https:\/\/malmousqueltd.com\/fr_fr\/wp-json\/wp\/v2\/media?parent=1250"}],"curies":[{"name":"wp","href":"https:\/\/api.w.org\/{rel}","templated":true}]}}