{"id":1216,"date":"2025-11-14T08:37:01","date_gmt":"2025-11-14T08:37:01","guid":{"rendered":"https:\/\/malmousqueltd.com\/?page_id=1216"},"modified":"2026-01-15T15:14:17","modified_gmt":"2026-01-15T15:14:17","slug":"just-peachy","status":"publish","type":"page","link":"https:\/\/malmousqueltd.com\/fr_fr\/just-peachy\/","title":{"rendered":"Just Peachy"},"content":{"rendered":"<div data-elementor-type=\"wp-page\" data-elementor-id=\"1216\" class=\"elementor elementor-1216\">\n\t\t\t\t<div class=\"elementor-element elementor-element-6743e109 e-con-full e-flex e-con e-parent\" data-id=\"6743e109\" data-element_type=\"container\" data-settings=\"{&quot;background_background&quot;:&quot;classic&quot;}\">\n\t\t\t\t<\/div>\n\t\t<div class=\"elementor-element elementor-element-6f01c189 e-flex e-con-boxed e-con e-parent\" data-id=\"6f01c189\" data-element_type=\"container\" data-settings=\"{&quot;background_background&quot;:&quot;classic&quot;}\">\n\t\t\t\t\t<div class=\"e-con-inner\">\n\t\t<div class=\"elementor-element elementor-element-45e51f8f e-con-full e-flex e-con e-child\" data-id=\"45e51f8f\" data-element_type=\"container\">\n\t\t\t\t<div class=\"elementor-element elementor-element-62e49c8e elementor-widget elementor-widget-text-editor\" data-id=\"62e49c8e\" data-element_type=\"widget\" data-widget_type=\"text-editor.default\">\n\t\t\t\t\t\t\t\t\t<p><span style=\"color: #52a78d;\">Just Peachy<br \/><\/span>Le projet<\/p>\t\t\t\t\t\t\t\t<\/div>\n\t\t\t\t<\/div>\n\t\t<div class=\"elementor-element elementor-element-5bc88b7d e-con-full e-flex e-con e-child\" data-id=\"5bc88b7d\" data-element_type=\"container\">\n\t\t\t\t<div class=\"elementor-element elementor-element-44fd463f elementor-widget elementor-widget-text-editor\" data-id=\"44fd463f\" data-element_type=\"widget\" data-widget_type=\"text-editor.default\">\n\t\t\t\t\t\t\t\t\t<p><strong>Services :\u00a0<\/strong><\/p><p class=\"p1\">Comptabilit\u00e9 (Xero) et structuration financi\u00e8re<\/p><p class=\"p1\">Marketing<\/p><p class=\"p1\">Marketing wholesale<\/p>\t\t\t\t\t\t\t\t<\/div>\n\t\t\t\t<\/div>\n\t\t\t\t\t<\/div>\n\t\t\t\t<\/div>\n\t\t<div class=\"elementor-element elementor-element-18e5720 e-flex e-con-boxed e-con e-parent\" data-id=\"18e5720\" data-element_type=\"container\" data-settings=\"{&quot;background_background&quot;:&quot;classic&quot;}\">\n\t\t\t\t\t<div class=\"e-con-inner\">\n\t\t\t\t<div class=\"elementor-element elementor-element-0c39df3 elementor-widget elementor-widget-text-editor\" data-id=\"0c39df3\" data-element_type=\"widget\" data-widget_type=\"text-editor.default\">\n\t\t\t\t\t\t\t\t\t<p>Hong Kong \u2014 New York \u2014 Couches lavables &amp; sous-v\u00eatements enfants<\/p>\t\t\t\t\t\t\t\t<\/div>\n\t\t\t\t<div class=\"elementor-element elementor-element-9e05c15 elementor-widget elementor-widget-text-editor\" data-id=\"9e05c15\" data-element_type=\"widget\" data-widget_type=\"text-editor.default\">\n\t\t\t\t\t\t\t\t\t<p class=\"p1\"><b>Just Peachy est la premi\u00e8re couche lavable enti\u00e8rement absorbante au monde, con\u00e7ue pour fonctionner \u00e0 la fois comme une culotte d\u2019apprentissage et une couche \u00e0 pressions. Pens\u00e9e pour accompagner les enfants de la naissance jusqu\u2019\u00e0 l\u2019apprentissage de la propret\u00e9, elle rend le change plus rapide, plus simple et beaucoup moins contraignant.\u00a0<br \/><\/b><b style=\"font-family: inherit; font-size: inherit; font-style: inherit; font-variant-ligatures: inherit; font-variant-caps: inherit;\">Un an plus tard, Just Peachy a lanc\u00e9 une gamme de sous-v\u00eatements pour enfants en modal Tencel biologique, sp\u00e9cialement con\u00e7ue pour les peaux sensibles.<\/b><\/p>\t\t\t\t\t\t\t\t<\/div>\n\t\t\t\t<div class=\"elementor-element elementor-element-5ab12e73 elementor-widget elementor-widget-text-editor\" data-id=\"5ab12e73\" data-element_type=\"widget\" data-widget_type=\"text-editor.default\">\n\t\t\t\t\t\t\t\t\t<p class=\"p1\">Dans la continuit\u00e9 du succ\u00e8s de Petit Tippi, V., la fondatrice, a cr\u00e9\u00e9 une marque de couches lavables innovante \u2014 et nous l\u2019avons concr\u00e9tis\u00e9e. Nous avons affin\u00e9 chaque d\u00e9tail du produit et valid\u00e9 son d\u00e9veloppement gr\u00e2ce \u00e0 des tests en conditions r\u00e9elles aupr\u00e8s de familles (dont la mienne), afin de garantir confort, performance et innovation, et offrir aux parents un produit digne de leur confiance.<\/p>\t\t\t\t\t\t\t\t<\/div>\n\t\t\t\t\t<\/div>\n\t\t\t\t<\/div>\n\t\t<div class=\"elementor-element elementor-element-232cb059 e-flex e-con-boxed e-con e-parent\" data-id=\"232cb059\" data-element_type=\"container\">\n\t\t\t\t\t<div class=\"e-con-inner\">\n\t\t<div class=\"elementor-element elementor-element-5593b8e7 e-con-full e-flex e-con e-child\" data-id=\"5593b8e7\" data-element_type=\"container\">\n\t\t\t\t<div class=\"elementor-element elementor-element-47e069c6 elementor-widget elementor-widget-image\" data-id=\"47e069c6\" data-element_type=\"widget\" data-widget_type=\"image.default\">\n\t\t\t\t\t\t\t\t\t\t\t\t\t\t\t<img fetchpriority=\"high\" decoding=\"async\" width=\"768\" height=\"1024\" src=\"https:\/\/malmousqueltd.com\/wp-content\/uploads\/2025\/11\/35c6baf8-6b3c-4d94-b708-93a70d5a90fa-768x1024.jpg\" class=\"attachment-large size-large wp-image-1225\" alt=\"\" srcset=\"https:\/\/malmousqueltd.com\/wp-content\/uploads\/2025\/11\/35c6baf8-6b3c-4d94-b708-93a70d5a90fa-768x1024.jpg 768w, https:\/\/malmousqueltd.com\/wp-content\/uploads\/2025\/11\/35c6baf8-6b3c-4d94-b708-93a70d5a90fa-225x300.jpg 225w, https:\/\/malmousqueltd.com\/wp-content\/uploads\/2025\/11\/35c6baf8-6b3c-4d94-b708-93a70d5a90fa-1152x1536.jpg 1152w, https:\/\/malmousqueltd.com\/wp-content\/uploads\/2025\/11\/35c6baf8-6b3c-4d94-b708-93a70d5a90fa.jpg 1200w\" sizes=\"(max-width: 768px) 100vw, 768px\" \/>\t\t\t\t\t\t\t\t\t\t\t\t\t\t\t<\/div>\n\t\t\t\t<\/div>\n\t\t<div class=\"elementor-element elementor-element-70f5a7a1 e-con-full e-flex e-con e-child\" data-id=\"70f5a7a1\" data-element_type=\"container\">\n\t\t\t\t<div class=\"elementor-element elementor-element-1dcce07e elementor-widget elementor-widget-image\" data-id=\"1dcce07e\" data-element_type=\"widget\" data-widget_type=\"image.default\">\n\t\t\t\t\t\t\t\t\t\t\t\t\t\t\t<img decoding=\"async\" width=\"1024\" height=\"768\" src=\"https:\/\/malmousqueltd.com\/wp-content\/uploads\/2025\/11\/PHOTO-2022-02-13-22-42-23-2.jpg\" class=\"attachment-large size-large wp-image-1222\" alt=\"\" srcset=\"https:\/\/malmousqueltd.com\/wp-content\/uploads\/2025\/11\/PHOTO-2022-02-13-22-42-23-2.jpg 1024w, https:\/\/malmousqueltd.com\/wp-content\/uploads\/2025\/11\/PHOTO-2022-02-13-22-42-23-2-300x225.jpg 300w, https:\/\/malmousqueltd.com\/wp-content\/uploads\/2025\/11\/PHOTO-2022-02-13-22-42-23-2-768x576.jpg 768w\" sizes=\"(max-width: 1024px) 100vw, 1024px\" \/>\t\t\t\t\t\t\t\t\t\t\t\t\t\t\t<\/div>\n\t\t\t\t<\/div>\n\t\t\t\t\t<\/div>\n\t\t\t\t<\/div>\n\t\t<div class=\"elementor-element elementor-element-7f345ee e-flex e-con-boxed e-con e-parent\" data-id=\"7f345ee\" data-element_type=\"container\" data-settings=\"{&quot;background_background&quot;:&quot;classic&quot;}\">\n\t\t\t\t\t<div class=\"e-con-inner\">\n\t\t\t\t<div class=\"elementor-element elementor-element-af9bb92 elementor-widget elementor-widget-text-editor\" data-id=\"af9bb92\" data-element_type=\"widget\" data-widget_type=\"text-editor.default\">\n\t\t\t\t\t\t\t\t\t<p class=\"p1\">En collaboration avec un web designer, nous avons d\u00e9velopp\u00e9 une identit\u00e9 de marque moderne et lanc\u00e9 un site web orient\u00e9 conversion, mettant clairement en avant notre proposition de valeur unique.<\/p>\t\t\t\t\t\t\t\t<\/div>\n\t\t\t\t<div class=\"elementor-element elementor-element-dceb64f elementor-widget elementor-widget-text-editor\" data-id=\"dceb64f\" data-element_type=\"widget\" data-widget_type=\"text-editor.default\">\n\t\t\t\t\t\t\t\t\t<p class=\"p1\">Notre strat\u00e9gie de distribution s\u2019est concentr\u00e9e sur une implantation \u00e0 Hong Kong, une expansion sur des march\u00e9s cl\u00e9s en Asie et une entr\u00e9e r\u00e9ussie sur le march\u00e9 am\u00e9ricain. Aux \u00c9tats-Unis, nous avons mis en place un centre logistique centralis\u00e9, renforc\u00e9 notre pr\u00e9sence sur les principales plateformes wholesale et nou\u00e9 un partenariat avec un distributeur am\u00e9ricain \u00e9tabli.<\/p>\t\t\t\t\t\t\t\t<\/div>\n\t\t\t\t\t<\/div>\n\t\t\t\t<\/div>\n\t\t<div class=\"elementor-element elementor-element-25b6a9cc e-flex e-con-boxed e-con e-parent\" data-id=\"25b6a9cc\" data-element_type=\"container\">\n\t\t\t\t\t<div class=\"e-con-inner\">\n\t\t<div class=\"elementor-element elementor-element-6ff7daf1 e-con-full e-flex e-con e-child\" data-id=\"6ff7daf1\" data-element_type=\"container\">\n\t\t\t\t<div class=\"elementor-element elementor-element-49d734cc elementor-widget elementor-widget-image\" data-id=\"49d734cc\" data-element_type=\"widget\" data-widget_type=\"image.default\">\n\t\t\t\t\t\t\t\t\t\t\t\t\t\t\t<img decoding=\"async\" width=\"1024\" height=\"600\" src=\"https:\/\/malmousqueltd.com\/wp-content\/uploads\/2026\/01\/Screenshot-2026-01-05-at-20.48.42-1024x600.png\" class=\"attachment-large size-large wp-image-2114\" alt=\"\" srcset=\"https:\/\/malmousqueltd.com\/wp-content\/uploads\/2026\/01\/Screenshot-2026-01-05-at-20.48.42-1024x600.png 1024w, https:\/\/malmousqueltd.com\/wp-content\/uploads\/2026\/01\/Screenshot-2026-01-05-at-20.48.42-300x176.png 300w, https:\/\/malmousqueltd.com\/wp-content\/uploads\/2026\/01\/Screenshot-2026-01-05-at-20.48.42-768x450.png 768w, https:\/\/malmousqueltd.com\/wp-content\/uploads\/2026\/01\/Screenshot-2026-01-05-at-20.48.42-1536x900.png 1536w, https:\/\/malmousqueltd.com\/wp-content\/uploads\/2026\/01\/Screenshot-2026-01-05-at-20.48.42-2048x1200.png 2048w\" sizes=\"(max-width: 1024px) 100vw, 1024px\" \/>\t\t\t\t\t\t\t\t\t\t\t\t\t\t\t<\/div>\n\t\t\t\t<\/div>\n\t\t<div class=\"elementor-element elementor-element-5b2310c e-con-full e-flex e-con e-child\" data-id=\"5b2310c\" data-element_type=\"container\">\n\t\t\t\t<div class=\"elementor-element elementor-element-13e446f8 elementor-widget elementor-widget-image\" data-id=\"13e446f8\" data-element_type=\"widget\" data-widget_type=\"image.default\">\n\t\t\t\t\t\t\t\t\t\t\t\t\t\t\t<img loading=\"lazy\" decoding=\"async\" width=\"768\" height=\"1024\" src=\"https:\/\/malmousqueltd.com\/wp-content\/uploads\/2025\/11\/7d3c34de-0b17-4537-be4a-0f28a246d959-768x1024.jpg\" class=\"attachment-large size-large wp-image-1224\" alt=\"\" srcset=\"https:\/\/malmousqueltd.com\/wp-content\/uploads\/2025\/11\/7d3c34de-0b17-4537-be4a-0f28a246d959-768x1024.jpg 768w, https:\/\/malmousqueltd.com\/wp-content\/uploads\/2025\/11\/7d3c34de-0b17-4537-be4a-0f28a246d959-225x300.jpg 225w, https:\/\/malmousqueltd.com\/wp-content\/uploads\/2025\/11\/7d3c34de-0b17-4537-be4a-0f28a246d959-1152x1536.jpg 1152w, https:\/\/malmousqueltd.com\/wp-content\/uploads\/2025\/11\/7d3c34de-0b17-4537-be4a-0f28a246d959.jpg 1200w\" sizes=\"(max-width: 768px) 100vw, 768px\" \/>\t\t\t\t\t\t\t\t\t\t\t\t\t\t\t<\/div>\n\t\t\t\t<\/div>\n\t\t\t\t\t<\/div>\n\t\t\t\t<\/div>\n\t\t<div class=\"elementor-element elementor-element-e448f36 e-flex e-con-boxed e-con e-parent\" data-id=\"e448f36\" data-element_type=\"container\">\n\t\t\t\t\t<div class=\"e-con-inner\">\n\t\t\t\t<div class=\"elementor-element elementor-element-5f2442c elementor-widget elementor-widget-text-editor\" data-id=\"5f2442c\" data-element_type=\"widget\" data-widget_type=\"text-editor.default\">\n\t\t\t\t\t\t\t\t\t<p style=\"white-space: pre-wrap; text-align: left;\">Curieux de savoir comment je peux accompagner votre entreprise ?<\/p>\t\t\t\t\t\t\t\t<\/div>\n\t\t\t\t<div class=\"elementor-element elementor-element-cf22dac elementor-align-center elementor-widget elementor-widget-button\" data-id=\"cf22dac\" data-element_type=\"widget\" data-widget_type=\"button.default\">\n\t\t\t\t\t\t\t\t\t\t<a class=\"elementor-button elementor-button-link elementor-size-sm\" href=\"mailto:celine@malmousqueltd.com\">\n\t\t\t\t\t\t<span class=\"elementor-button-content-wrapper\">\n\t\t\t\t\t\t\t\t\t<span class=\"elementor-button-text\">Contactez-moi<\/span>\n\t\t\t\t\t<\/span>\n\t\t\t\t\t<\/a>\n\t\t\t\t\t\t\t\t<\/div>\n\t\t\t\t\t<\/div>\n\t\t\t\t<\/div>\n\t\t\t\t<\/div>","protected":false},"excerpt":{"rendered":"<p>Just PeachyThe project. Services :\u00a0 Accounting (Xero) and financial structuring Marketing Wholesale Marketing Hong Kong &#8211; New York &#8211; Cloth&#8217;s diapers for babies &amp; kid&#8217;s underwear Just Peachy is the world\u2019s first fully absorbent diaper that works both as a pull-up and a snap-off. Designed to grow with little ones from newborn days all the [&hellip;]<\/p>","protected":false},"author":1,"featured_media":0,"parent":0,"menu_order":0,"comment_status":"closed","ping_status":"closed","template":"elementor_header_footer","meta":{"footnotes":""},"class_list":["post-1216","page","type-page","status-publish","hentry"],"blocksy_meta":{"has_hero_section":"disabled","styles_descriptor":{"styles":{"desktop":"","tablet":"","mobile":""},"google_fonts":[],"version":6}},"_hostinger_reach_plugin_has_subscription_block":false,"_hostinger_reach_plugin_is_elementor":false,"_links":{"self":[{"href":"https:\/\/malmousqueltd.com\/fr_fr\/wp-json\/wp\/v2\/pages\/1216","targetHints":{"allow":["GET"]}}],"collection":[{"href":"https:\/\/malmousqueltd.com\/fr_fr\/wp-json\/wp\/v2\/pages"}],"about":[{"href":"https:\/\/malmousqueltd.com\/fr_fr\/wp-json\/wp\/v2\/types\/page"}],"author":[{"embeddable":true,"href":"https:\/\/malmousqueltd.com\/fr_fr\/wp-json\/wp\/v2\/users\/1"}],"replies":[{"embeddable":true,"href":"https:\/\/malmousqueltd.com\/fr_fr\/wp-json\/wp\/v2\/comments?post=1216"}],"version-history":[{"count":91,"href":"https:\/\/malmousqueltd.com\/fr_fr\/wp-json\/wp\/v2\/pages\/1216\/revisions"}],"predecessor-version":[{"id":2589,"href":"https:\/\/malmousqueltd.com\/fr_fr\/wp-json\/wp\/v2\/pages\/1216\/revisions\/2589"}],"wp:attachment":[{"href":"https:\/\/malmousqueltd.com\/fr_fr\/wp-json\/wp\/v2\/media?parent=1216"}],"curies":[{"name":"wp","href":"https:\/\/api.w.org\/{rel}","templated":true}]}}