{"id":1190,"date":"2025-11-14T08:28:50","date_gmt":"2025-11-14T08:28:50","guid":{"rendered":"https:\/\/malmousqueltd.com\/?page_id=1190"},"modified":"2026-01-15T15:14:02","modified_gmt":"2026-01-15T15:14:02","slug":"petittippi","status":"publish","type":"page","link":"https:\/\/malmousqueltd.com\/fr_fr\/petittippi\/","title":{"rendered":"Petit Tippi"},"content":{"rendered":"<div data-elementor-type=\"wp-page\" data-elementor-id=\"1190\" class=\"elementor elementor-1190\">\n\t\t\t\t<div class=\"elementor-element elementor-element-529acf81 e-con-full e-flex e-con e-parent\" data-id=\"529acf81\" data-element_type=\"container\" data-settings=\"{&quot;background_background&quot;:&quot;classic&quot;}\">\n\t\t\t\t<\/div>\n\t\t<div class=\"elementor-element elementor-element-4b6c27c5 e-flex e-con-boxed e-con e-parent\" data-id=\"4b6c27c5\" data-element_type=\"container\" data-settings=\"{&quot;background_background&quot;:&quot;classic&quot;}\">\n\t\t\t\t\t<div class=\"e-con-inner\">\n\t\t<div class=\"elementor-element elementor-element-36ef137 e-con-full e-flex e-con e-child\" data-id=\"36ef137\" data-element_type=\"container\">\n\t\t\t\t<div class=\"elementor-element elementor-element-4322e147 elementor-widget elementor-widget-text-editor\" data-id=\"4322e147\" data-element_type=\"widget\" data-widget_type=\"text-editor.default\">\n\t\t\t\t\t\t\t\t\t<p><span style=\"color: #52a78d;\">Petit Tippi<br \/><\/span>Le projet<\/p>\t\t\t\t\t\t\t\t<\/div>\n\t\t\t\t<\/div>\n\t\t<div class=\"elementor-element elementor-element-3b5e6fc7 e-con-full e-flex e-con e-child\" data-id=\"3b5e6fc7\" data-element_type=\"container\">\n\t\t\t\t<div class=\"elementor-element elementor-element-1566a185 elementor-widget elementor-widget-text-editor\" data-id=\"1566a185\" data-element_type=\"widget\" data-widget_type=\"text-editor.default\">\n\t\t\t\t\t\t\t\t\t<p><strong>Services :<\/strong><\/p><p class=\"p1\">Mise en place du syst\u00e8me comptable (Xero) et structuration financi\u00e8re<\/p><p class=\"p1\">D\u00e9veloppement et optimisation du site web<\/p><p class=\"p1\">Analyse et optimisation de la structure de co\u00fbts<\/p><p class=\"p1\">Revue de la strat\u00e9gie d\u2019achats et mise en place d\u2019un mod\u00e8le de consignation<\/p><p class=\"p1\">\u00a0<\/p><p class=\"p1\">\u00a0<\/p>\t\t\t\t\t\t\t\t<\/div>\n\t\t\t\t<\/div>\n\t\t\t\t\t<\/div>\n\t\t\t\t<\/div>\n\t\t<div class=\"elementor-element elementor-element-6b87c82 e-flex e-con-boxed e-con e-parent\" data-id=\"6b87c82\" data-element_type=\"container\" data-settings=\"{&quot;background_background&quot;:&quot;classic&quot;}\">\n\t\t\t\t\t<div class=\"e-con-inner\">\n\t\t\t\t<div class=\"elementor-element elementor-element-6a705044 elementor-widget elementor-widget-text-editor\" data-id=\"6a705044\" data-element_type=\"widget\" data-widget_type=\"text-editor.default\">\n\t\t\t\t\t\t\t\t\t<p class=\"p1\">Hong Kong \u2014 New York \u2014 E-commerce b\u00e9b\u00e9<\/p>\t\t\t\t\t\t\t\t<\/div>\n\t\t\t\t\t<\/div>\n\t\t\t\t<\/div>\n\t\t<div class=\"elementor-element elementor-element-3ac9490e e-flex e-con-boxed e-con e-parent\" data-id=\"3ac9490e\" data-element_type=\"container\" data-settings=\"{&quot;background_background&quot;:&quot;classic&quot;}\">\n\t\t\t\t\t<div class=\"e-con-inner\">\n\t\t\t\t<div class=\"elementor-element elementor-element-ade08cb elementor-widget elementor-widget-text-editor\" data-id=\"ade08cb\" data-element_type=\"widget\" data-widget_type=\"text-editor.default\">\n\t\t\t\t\t\t\t\t\t<p class=\"p1\">Petit Tippi est la boutique de r\u00e9f\u00e9rence \u00e0 Hong Kong pour une s\u00e9lection pointue de produits naturels, bio et \u00e9co-responsables pour b\u00e9b\u00e9s et enfants, bons pour les tout-petits, les parents et la plan\u00e8te. L\u2019offre couvre un large \u00e9ventail de produits : couches lavables, langes, articles d\u2019allaitement, produits pour le repas, jouets et bien plus encore.<\/p>\t\t\t\t\t\t\t\t<\/div>\n\t\t\t\t<div class=\"elementor-element elementor-element-1b6f4014 elementor-widget elementor-widget-text-editor\" data-id=\"1b6f4014\" data-element_type=\"widget\" data-widget_type=\"text-editor.default\">\n\t\t\t\t\t\t\t\t\t<p class=\"p1\">Petit Tippi \u00e9tait en pleine croissance, mais V., la fondatrice, manquait de visibilit\u00e9 sur les d\u00e9penses et les revenus. Elle recherchait une solution lui permettant d\u2019avoir une vision claire, structur\u00e9e et fiable de la situation financi\u00e8re de l\u2019entreprise.<\/p>\t\t\t\t\t\t\t\t<\/div>\n\t\t<div class=\"elementor-element elementor-element-805bfdc e-con-full e-flex e-con e-child\" data-id=\"805bfdc\" data-element_type=\"container\">\n\t\t\t\t<div class=\"elementor-element elementor-element-4e303ef elementor-widget elementor-widget-counter\" data-id=\"4e303ef\" data-element_type=\"widget\" data-widget_type=\"counter.default\">\n\t\t\t\t\t\t\t<div class=\"elementor-counter\">\n\t\t\t<div class=\"elementor-counter-title\">augmentation du CA<\/div>\t\t\t<div class=\"elementor-counter-number-wrapper\">\n\t\t\t\t<span class=\"elementor-counter-number-prefix\">+<\/span>\n\t\t\t\t<span class=\"elementor-counter-number\" data-duration=\"2000\" data-to-value=\"54\" data-from-value=\"0\" data-delimiter=\",\">0<\/span>\n\t\t\t\t<span class=\"elementor-counter-number-suffix\">%<\/span>\n\t\t\t<\/div>\n\t\t<\/div>\n\t\t\t\t\t\t<\/div>\n\t\t\t\t<div class=\"elementor-element elementor-element-78c4162 elementor-widget elementor-widget-counter\" data-id=\"78c4162\" data-element_type=\"widget\" data-widget_type=\"counter.default\">\n\t\t\t\t\t\t\t<div class=\"elementor-counter\">\n\t\t\t<div class=\"elementor-counter-title\">Reduction des de stock<\/div>\t\t\t<div class=\"elementor-counter-number-wrapper\">\n\t\t\t\t<span class=\"elementor-counter-number-prefix\"><\/span>\n\t\t\t\t<span class=\"elementor-counter-number\" data-duration=\"2000\" data-to-value=\"20\" data-from-value=\"5\" data-delimiter=\",\">5<\/span>\n\t\t\t\t<span class=\"elementor-counter-number-suffix\">%<\/span>\n\t\t\t<\/div>\n\t\t<\/div>\n\t\t\t\t\t\t<\/div>\n\t\t\t\t<div class=\"elementor-element elementor-element-8c978cb elementor-widget elementor-widget-counter\" data-id=\"8c978cb\" data-element_type=\"widget\" data-widget_type=\"counter.default\">\n\t\t\t\t\t\t\t<div class=\"elementor-counter\">\n\t\t\t<div class=\"elementor-counter-title\">Refonte de la boutique Shopify<\/div>\t\t\t<div class=\"elementor-counter-number-wrapper\">\n\t\t\t\t<span class=\"elementor-counter-number-prefix\"><\/span>\n\t\t\t\t<span class=\"elementor-counter-number\" data-duration=\"2000\" data-to-value=\"1\" data-from-value=\"1\" data-delimiter=\",\">1<\/span>\n\t\t\t\t<span class=\"elementor-counter-number-suffix\"><\/span>\n\t\t\t<\/div>\n\t\t<\/div>\n\t\t\t\t\t\t<\/div>\n\t\t\t\t<\/div>\n\t\t\t\t\t<\/div>\n\t\t\t\t<\/div>\n\t\t<div class=\"elementor-element elementor-element-9e0e6aa e-flex e-con-boxed e-con e-parent\" data-id=\"9e0e6aa\" data-element_type=\"container\">\n\t\t\t\t\t<div class=\"e-con-inner\">\n\t\t<div class=\"elementor-element elementor-element-66937a85 e-con-full e-flex e-con e-child\" data-id=\"66937a85\" data-element_type=\"container\" data-settings=\"{&quot;background_background&quot;:&quot;classic&quot;}\">\n\t\t\t\t<div class=\"elementor-element elementor-element-7c8adce1 elementor-widget elementor-widget-image\" data-id=\"7c8adce1\" data-element_type=\"widget\" data-widget_type=\"image.default\">\n\t\t\t\t\t\t\t\t\t\t\t\t\t\t\t<img fetchpriority=\"high\" decoding=\"async\" width=\"1024\" height=\"824\" src=\"https:\/\/malmousqueltd.com\/wp-content\/uploads\/2025\/12\/PHOTO-5-1024x824.jpeg\" class=\"attachment-large size-large wp-image-1609\" alt=\"\" srcset=\"https:\/\/malmousqueltd.com\/wp-content\/uploads\/2025\/12\/PHOTO-5-1024x824.jpeg 1024w, https:\/\/malmousqueltd.com\/wp-content\/uploads\/2025\/12\/PHOTO-5-300x242.jpeg 300w, https:\/\/malmousqueltd.com\/wp-content\/uploads\/2025\/12\/PHOTO-5-768x618.jpeg 768w, https:\/\/malmousqueltd.com\/wp-content\/uploads\/2025\/12\/PHOTO-5-1536x1237.jpeg 1536w, https:\/\/malmousqueltd.com\/wp-content\/uploads\/2025\/12\/PHOTO-5-2048x1649.jpeg 2048w\" sizes=\"(max-width: 1024px) 100vw, 1024px\" \/>\t\t\t\t\t\t\t\t\t\t\t\t\t\t\t<\/div>\n\t\t\t\t<\/div>\n\t\t<div class=\"elementor-element elementor-element-6a868616 e-con-full e-flex e-con e-child\" data-id=\"6a868616\" data-element_type=\"container\">\n\t\t\t\t<div class=\"elementor-element elementor-element-1be40f86 elementor-widget elementor-widget-image\" data-id=\"1be40f86\" data-element_type=\"widget\" data-widget_type=\"image.default\">\n\t\t\t\t\t\t\t\t\t\t\t\t\t\t\t<img decoding=\"async\" width=\"1024\" height=\"1024\" src=\"https:\/\/malmousqueltd.com\/wp-content\/uploads\/2025\/12\/Photo-2-1024x1024.jpg\" class=\"attachment-large size-large wp-image-1606\" alt=\"\" srcset=\"https:\/\/malmousqueltd.com\/wp-content\/uploads\/2025\/12\/Photo-2-1024x1024.jpg 1024w, https:\/\/malmousqueltd.com\/wp-content\/uploads\/2025\/12\/Photo-2-300x300.jpg 300w, https:\/\/malmousqueltd.com\/wp-content\/uploads\/2025\/12\/Photo-2-150x150.jpg 150w, https:\/\/malmousqueltd.com\/wp-content\/uploads\/2025\/12\/Photo-2-768x768.jpg 768w, https:\/\/malmousqueltd.com\/wp-content\/uploads\/2025\/12\/Photo-2-1536x1536.jpg 1536w, https:\/\/malmousqueltd.com\/wp-content\/uploads\/2025\/12\/Photo-2.jpg 1736w\" sizes=\"(max-width: 1024px) 100vw, 1024px\" \/>\t\t\t\t\t\t\t\t\t\t\t\t\t\t\t<\/div>\n\t\t\t\t<\/div>\n\t\t\t\t\t<\/div>\n\t\t\t\t<\/div>\n\t\t<div class=\"elementor-element elementor-element-65257a4 e-flex e-con-boxed e-con e-parent\" data-id=\"65257a4\" data-element_type=\"container\" data-settings=\"{&quot;background_background&quot;:&quot;classic&quot;}\">\n\t\t\t\t\t<div class=\"e-con-inner\">\n\t\t\t\t<div class=\"elementor-element elementor-element-58eeb1f elementor-widget elementor-widget-text-editor\" data-id=\"58eeb1f\" data-element_type=\"widget\" data-widget_type=\"text-editor.default\">\n\t\t\t\t\t\t\t\t\t<p class=\"p1\">J\u2019ai commenc\u00e9 par structurer la comptabilit\u00e9 sur Xero afin d\u2019analyser le compte de r\u00e9sultat, la valeur du stock et la rotation des stocks. <br \/>Il est rapidement apparu que Petit Tippi avait besoin d\u2019une strat\u00e9gie de croissance claire et structur\u00e9e. <br \/>Nous nous sommes concentr\u00e9s sur le d\u00e9veloppement de l\u2019activit\u00e9 en introduisant de nouveaux produits et en augmentant les volumes d\u2019achat des produits phares afin d\u2019\u00e9viter les ruptures et les opportunit\u00e9s de vente manqu\u00e9es. <br \/>Cela a conduit \u00e0 une hausse des volumes d\u2019achats, \u00e0 la mise en place d\u2019accords de consignation avec de nouvelles marques et \u00e0 l\u2019\u00e9largissement de l\u2019offre produits.<\/p>\t\t\t\t\t\t\t\t<\/div>\n\t\t\t\t<div class=\"elementor-element elementor-element-8610e57 elementor-widget elementor-widget-text-editor\" data-id=\"8610e57\" data-element_type=\"widget\" data-widget_type=\"text-editor.default\">\n\t\t\t\t\t\t\t\t\t<p class=\"p1\">Pour accompagner cette croissance, il \u00e9tait \u00e9galement n\u00e9cessaire d\u2019am\u00e9liorer l\u2019efficacit\u00e9 du site web. Nous avons fait appel \u00e0 un web designer afin de moderniser le site et d\u2019optimiser l\u2019exp\u00e9rience utilisateur.<\/p>\t\t\t\t\t\t\t\t<\/div>\n\t\t\t\t<div class=\"elementor-element elementor-element-d453b81 elementor-widget elementor-widget-text-editor\" data-id=\"d453b81\" data-element_type=\"widget\" data-widget_type=\"text-editor.default\">\n\t\t\t\t\t\t\t\t\t<p class=\"p1\"><span style=\"font-family: inherit; font-size: inherit; font-style: inherit; font-variant-ligatures: inherit; font-variant-caps: inherit; font-weight: inherit;\">\u00c0 mesure que le chiffre d\u2019affaires augmentait de mani\u00e8re significative, le recrutement de nouveaux collaborateurs est devenu indispensable, tout comme la mise en place de nouveaux processus de communication et de travail.<\/span><\/p><p class=\"p1\">L\u2019un des aspects les plus enrichissants de ce projet a \u00e9t\u00e9 d\u2019accompagner V., la fondatrice, dans le lancement de sa propre marque pour b\u00e9b\u00e9s, d\u00e9di\u00e9e aux couches lavables.<\/p>\t\t\t\t\t\t\t\t<\/div>\n\t\t\t\t\t<\/div>\n\t\t\t\t<\/div>\n\t\t<div class=\"elementor-element elementor-element-1b70cc42 e-flex e-con-boxed e-con e-parent\" data-id=\"1b70cc42\" data-element_type=\"container\">\n\t\t\t\t\t<div class=\"e-con-inner\">\n\t\t<div class=\"elementor-element elementor-element-214bff77 e-con-full e-flex e-con e-child\" data-id=\"214bff77\" data-element_type=\"container\">\n\t\t\t\t<div class=\"elementor-element elementor-element-39b6eacb elementor-widget elementor-widget-image\" data-id=\"39b6eacb\" data-element_type=\"widget\" data-widget_type=\"image.default\">\n\t\t\t\t\t\t\t\t\t\t\t\t\t\t\t<img decoding=\"async\" width=\"1024\" height=\"576\" src=\"https:\/\/malmousqueltd.com\/wp-content\/uploads\/2025\/12\/PHOTO-3-envelop-1024x576.jpg\" class=\"attachment-large size-large wp-image-1607\" alt=\"\" srcset=\"https:\/\/malmousqueltd.com\/wp-content\/uploads\/2025\/12\/PHOTO-3-envelop-1024x576.jpg 1024w, https:\/\/malmousqueltd.com\/wp-content\/uploads\/2025\/12\/PHOTO-3-envelop-300x169.jpg 300w, https:\/\/malmousqueltd.com\/wp-content\/uploads\/2025\/12\/PHOTO-3-envelop-768x432.jpg 768w, https:\/\/malmousqueltd.com\/wp-content\/uploads\/2025\/12\/PHOTO-3-envelop-1536x864.jpg 1536w, https:\/\/malmousqueltd.com\/wp-content\/uploads\/2025\/12\/PHOTO-3-envelop.jpg 1600w\" sizes=\"(max-width: 1024px) 100vw, 1024px\" \/>\t\t\t\t\t\t\t\t\t\t\t\t\t\t\t<\/div>\n\t\t\t\t<div class=\"elementor-element elementor-element-f583f7e elementor-widget elementor-widget-image\" data-id=\"f583f7e\" data-element_type=\"widget\" data-widget_type=\"image.default\">\n\t\t\t\t\t\t\t\t\t\t\t\t\t\t\t<img loading=\"lazy\" decoding=\"async\" width=\"768\" height=\"1024\" src=\"https:\/\/malmousqueltd.com\/wp-content\/uploads\/2025\/12\/PHOTO-6-768x1024.jpg\" class=\"attachment-large size-large wp-image-1616\" alt=\"\" srcset=\"https:\/\/malmousqueltd.com\/wp-content\/uploads\/2025\/12\/PHOTO-6-768x1024.jpg 768w, https:\/\/malmousqueltd.com\/wp-content\/uploads\/2025\/12\/PHOTO-6-225x300.jpg 225w, https:\/\/malmousqueltd.com\/wp-content\/uploads\/2025\/12\/PHOTO-6-1152x1536.jpg 1152w, https:\/\/malmousqueltd.com\/wp-content\/uploads\/2025\/12\/PHOTO-6.jpg 1200w\" sizes=\"(max-width: 768px) 100vw, 768px\" \/>\t\t\t\t\t\t\t\t\t\t\t\t\t\t\t<\/div>\n\t\t\t\t<\/div>\n\t\t<div class=\"elementor-element elementor-element-326d0bb4 e-con-full e-flex e-con e-child\" data-id=\"326d0bb4\" data-element_type=\"container\">\n\t\t\t\t<div class=\"elementor-element elementor-element-1ef739f elementor-widget elementor-widget-image\" data-id=\"1ef739f\" data-element_type=\"widget\" data-widget_type=\"image.default\">\n\t\t\t\t\t\t\t\t\t\t\t\t\t\t\t<img loading=\"lazy\" decoding=\"async\" width=\"1024\" height=\"768\" src=\"https:\/\/malmousqueltd.com\/wp-content\/uploads\/2025\/12\/PHOTO-4-1024x768.jpg\" class=\"attachment-large size-large wp-image-1608\" alt=\"\" srcset=\"https:\/\/malmousqueltd.com\/wp-content\/uploads\/2025\/12\/PHOTO-4-1024x768.jpg 1024w, https:\/\/malmousqueltd.com\/wp-content\/uploads\/2025\/12\/PHOTO-4-300x225.jpg 300w, https:\/\/malmousqueltd.com\/wp-content\/uploads\/2025\/12\/PHOTO-4-768x576.jpg 768w, https:\/\/malmousqueltd.com\/wp-content\/uploads\/2025\/12\/PHOTO-4-1536x1152.jpg 1536w, https:\/\/malmousqueltd.com\/wp-content\/uploads\/2025\/12\/PHOTO-4.jpg 1600w\" sizes=\"(max-width: 1024px) 100vw, 1024px\" \/>\t\t\t\t\t\t\t\t\t\t\t\t\t\t\t<\/div>\n\t\t\t\t<\/div>\n\t\t\t\t\t<\/div>\n\t\t\t\t<\/div>\n\t\t<div class=\"elementor-element elementor-element-a36ee4f e-flex e-con-boxed e-con e-parent\" data-id=\"a36ee4f\" data-element_type=\"container\">\n\t\t\t\t\t<div class=\"e-con-inner\">\n\t\t\t\t<div class=\"elementor-element elementor-element-10acc38 elementor-widget elementor-widget-text-editor\" data-id=\"10acc38\" data-element_type=\"widget\" data-widget_type=\"text-editor.default\">\n\t\t\t\t\t\t\t\t\t<p>Curieux de savoir comment je peux accompagner votre entreprise ?<\/p>\t\t\t\t\t\t\t\t<\/div>\n\t\t\t\t<div class=\"elementor-element elementor-element-555de6c elementor-align-center elementor-widget elementor-widget-button\" data-id=\"555de6c\" data-element_type=\"widget\" data-widget_type=\"button.default\">\n\t\t\t\t\t\t\t\t\t\t<a class=\"elementor-button elementor-button-link elementor-size-sm\" href=\"mailto:celine@malmousqueltd.com\">\n\t\t\t\t\t\t<span class=\"elementor-button-content-wrapper\">\n\t\t\t\t\t\t\t\t\t<span class=\"elementor-button-text\">Contactez-moi<\/span>\n\t\t\t\t\t<\/span>\n\t\t\t\t\t<\/a>\n\t\t\t\t\t\t\t\t<\/div>\n\t\t\t\t\t<\/div>\n\t\t\t\t<\/div>\n\t\t\t\t<\/div>","protected":false},"excerpt":{"rendered":"<p>Petit TippiThe project. Services : Accounting system implementation (Xero) and financial structuring Website development and optimisation Cost base analysis and optimisation Purchasing strategy review and consignment model implementation \u00a0 \u00a0 Hong Kong &#8211; New York &#8211; Baby E-commerce Petit Tippi is Hong Kong\u2019s premier boutique for carefully\u00a0curated natural, organic and eco-friendly baby and kids products [&hellip;]<\/p>","protected":false},"author":1,"featured_media":0,"parent":0,"menu_order":0,"comment_status":"closed","ping_status":"closed","template":"elementor_header_footer","meta":{"footnotes":""},"class_list":["post-1190","page","type-page","status-publish","hentry"],"blocksy_meta":{"has_hero_section":"disabled","styles_descriptor":{"styles":{"desktop":"","tablet":"","mobile":""},"google_fonts":[],"version":6}},"_hostinger_reach_plugin_has_subscription_block":false,"_hostinger_reach_plugin_is_elementor":false,"_links":{"self":[{"href":"https:\/\/malmousqueltd.com\/fr_fr\/wp-json\/wp\/v2\/pages\/1190","targetHints":{"allow":["GET"]}}],"collection":[{"href":"https:\/\/malmousqueltd.com\/fr_fr\/wp-json\/wp\/v2\/pages"}],"about":[{"href":"https:\/\/malmousqueltd.com\/fr_fr\/wp-json\/wp\/v2\/types\/page"}],"author":[{"embeddable":true,"href":"https:\/\/malmousqueltd.com\/fr_fr\/wp-json\/wp\/v2\/users\/1"}],"replies":[{"embeddable":true,"href":"https:\/\/malmousqueltd.com\/fr_fr\/wp-json\/wp\/v2\/comments?post=1190"}],"version-history":[{"count":68,"href":"https:\/\/malmousqueltd.com\/fr_fr\/wp-json\/wp\/v2\/pages\/1190\/revisions"}],"predecessor-version":[{"id":2586,"href":"https:\/\/malmousqueltd.com\/fr_fr\/wp-json\/wp\/v2\/pages\/1190\/revisions\/2586"}],"wp:attachment":[{"href":"https:\/\/malmousqueltd.com\/fr_fr\/wp-json\/wp\/v2\/media?parent=1190"}],"curies":[{"name":"wp","href":"https:\/\/api.w.org\/{rel}","templated":true}]}}