{"id":1051,"date":"2025-11-07T16:21:50","date_gmt":"2025-11-07T16:21:50","guid":{"rendered":"https:\/\/malmousqueltd.com\/?page_id=1051"},"modified":"2026-01-15T15:13:22","modified_gmt":"2026-01-15T15:13:22","slug":"inside","status":"publish","type":"page","link":"https:\/\/malmousqueltd.com\/fr_fr\/inside\/","title":{"rendered":"Inside"},"content":{"rendered":"<div data-elementor-type=\"wp-page\" data-elementor-id=\"1051\" class=\"elementor elementor-1051\">\n\t\t\t\t<div class=\"elementor-element elementor-element-75132b9f e-con-full e-flex e-con e-parent\" data-id=\"75132b9f\" data-element_type=\"container\" data-settings=\"{&quot;background_background&quot;:&quot;classic&quot;}\">\n\t\t\t\t<\/div>\n\t\t<div class=\"elementor-element elementor-element-3a7825fe e-flex e-con-boxed e-con e-parent\" data-id=\"3a7825fe\" data-element_type=\"container\" data-settings=\"{&quot;background_background&quot;:&quot;classic&quot;}\">\n\t\t\t\t\t<div class=\"e-con-inner\">\n\t\t<div class=\"elementor-element elementor-element-798c9403 e-con-full e-flex e-con e-child\" data-id=\"798c9403\" data-element_type=\"container\">\n\t\t\t\t<div class=\"elementor-element elementor-element-5c811751 elementor-widget elementor-widget-text-editor\" data-id=\"5c811751\" data-element_type=\"widget\" data-widget_type=\"text-editor.default\">\n\t\t\t\t\t\t\t\t\t<p><span style=\"color: #52a78d;\">Inside. <br \/><\/span>Le projet<\/p>\t\t\t\t\t\t\t\t<\/div>\n\t\t\t\t<\/div>\n\t\t<div class=\"elementor-element elementor-element-3a1242f7 e-con-full e-flex e-con e-child\" data-id=\"3a1242f7\" data-element_type=\"container\">\n\t\t\t\t<div class=\"elementor-element elementor-element-58893e4c elementor-widget elementor-widget-text-editor\" data-id=\"58893e4c\" data-element_type=\"widget\" data-widget_type=\"text-editor.default\">\n\t\t\t\t\t\t\t\t\t<p><strong>Services :<\/strong><\/p><p class=\"p1\">Mise en place du syst\u00e8me comptable Xero<\/p><p>Optimisation de la structure de co\u00fbts<\/p><p class=\"p1\">D\u00e9ploiement d\u2019une nouvelle identit\u00e9 de marque<\/p><p class=\"p1\">Lancement d\u2019un nouveau site web<\/p><p class=\"p1\">Mise \u00e0 niveau du syst\u00e8me de caisse (POS)<\/p><p class=\"p1\">Revue de la strat\u00e9gie d\u2019achats<\/p><p class=\"p1\">Mise en place d\u2019une strat\u00e9gie social media<\/p><p>Ouverture de points de vente et fermeture des boutiques non rentables<\/p>\t\t\t\t\t\t\t\t<\/div>\n\t\t\t\t<\/div>\n\t\t\t\t\t<\/div>\n\t\t\t\t<\/div>\n\t\t<div class=\"elementor-element elementor-element-4bf782ca e-flex e-con-boxed e-con e-parent\" data-id=\"4bf782ca\" data-element_type=\"container\" data-settings=\"{&quot;background_background&quot;:&quot;classic&quot;}\">\n\t\t\t\t\t<div class=\"e-con-inner\">\n\t\t\t\t<div class=\"elementor-element elementor-element-53268651 elementor-widget elementor-widget-text-editor\" data-id=\"53268651\" data-element_type=\"widget\" data-widget_type=\"text-editor.default\">\n\t\t\t\t\t\t\t\t\t<p>Hong Kong \u2014 Maison &amp; D\u00e9coration\u00a0<\/p>\t\t\t\t\t\t\t\t<\/div>\n\t\t\t\t<div class=\"elementor-element elementor-element-b2c09f7 elementor-widget elementor-widget-text-editor\" data-id=\"b2c09f7\" data-element_type=\"widget\" data-widget_type=\"text-editor.default\">\n\t\t\t\t\t\t\t\t\t<p><span style=\"font-family: inherit; font-size: inherit; font-style: inherit; font-variant-ligatures: inherit; font-variant-caps: inherit; font-weight: inherit;\">Inside HK Living propose \u00e0 Hong Kong une s\u00e9lection de meubles et d\u2019objets de d\u00e9coration artisanaux et uniques, alliant style et savoir-faire pour sublimer l\u2019int\u00e9rieur. Latitude for Living.<\/span><\/p>\t\t\t\t\t\t\t\t<\/div>\n\t\t\t\t<div class=\"elementor-element elementor-element-25d69451 elementor-widget elementor-widget-text-editor\" data-id=\"25d69451\" data-element_type=\"widget\" data-widget_type=\"text-editor.default\">\n\t\t\t\t\t\t\t\t\t<p class=\"p1\">En 2016, j\u2019ai relev\u00e9 le d\u00e9fi de relancer Inside HK Living, une marque maison &amp; d\u00e9coration de 20 ans d\u2019existence, afin de la ramener \u00e0 la rentabilit\u00e9. Ma mission : transformer et repositionner l\u2019entreprise pour retrouver pertinence sur le march\u00e9 et stabilit\u00e9 financi\u00e8re.<\/p>\t\t\t\t\t\t\t\t<\/div>\n\t\t<div class=\"elementor-element elementor-element-0db1f5f e-flex e-con-boxed e-con e-child\" data-id=\"0db1f5f\" data-element_type=\"container\">\n\t\t\t\t\t<div class=\"e-con-inner\">\n\t\t\t\t<div class=\"elementor-element elementor-element-7fd2cbf elementor-widget elementor-widget-counter\" data-id=\"7fd2cbf\" data-element_type=\"widget\" data-widget_type=\"counter.default\">\n\t\t\t\t\t\t\t<div class=\"elementor-counter\">\n\t\t\t<div class=\"elementor-counter-title\">Site internet<\/div>\t\t\t<div class=\"elementor-counter-number-wrapper\">\n\t\t\t\t<span class=\"elementor-counter-number-prefix\"><\/span>\n\t\t\t\t<span class=\"elementor-counter-number\" data-duration=\"2000\" data-to-value=\"1\" data-from-value=\"1\" data-delimiter=\",\">1<\/span>\n\t\t\t\t<span class=\"elementor-counter-number-suffix\"><\/span>\n\t\t\t<\/div>\n\t\t<\/div>\n\t\t\t\t\t\t<\/div>\n\t\t\t\t<div class=\"elementor-element elementor-element-6084928 elementor-widget elementor-widget-counter\" data-id=\"6084928\" data-element_type=\"widget\" data-widget_type=\"counter.default\">\n\t\t\t\t\t\t\t<div class=\"elementor-counter\">\n\t\t\t<div class=\"elementor-counter-title\">Nouvelle identit\u00e9 de marque<\/div>\t\t\t<div class=\"elementor-counter-number-wrapper\">\n\t\t\t\t<span class=\"elementor-counter-number-prefix\"><\/span>\n\t\t\t\t<span class=\"elementor-counter-number\" data-duration=\"2000\" data-to-value=\"1\" data-from-value=\"1\" data-delimiter=\",\">1<\/span>\n\t\t\t\t<span class=\"elementor-counter-number-suffix\"><\/span>\n\t\t\t<\/div>\n\t\t<\/div>\n\t\t\t\t\t\t<\/div>\n\t\t\t\t<div class=\"elementor-element elementor-element-b60f0bc elementor-widget elementor-widget-counter\" data-id=\"b60f0bc\" data-element_type=\"widget\" data-widget_type=\"counter.default\">\n\t\t\t\t\t\t\t<div class=\"elementor-counter\">\n\t\t\t<div class=\"elementor-counter-title\">Nouveaux points de ventes<\/div>\t\t\t<div class=\"elementor-counter-number-wrapper\">\n\t\t\t\t<span class=\"elementor-counter-number-prefix\">+<\/span>\n\t\t\t\t<span class=\"elementor-counter-number\" data-duration=\"2000\" data-to-value=\"2\" data-from-value=\"2\" data-delimiter=\",\">2<\/span>\n\t\t\t\t<span class=\"elementor-counter-number-suffix\"><\/span>\n\t\t\t<\/div>\n\t\t<\/div>\n\t\t\t\t\t\t<\/div>\n\t\t\t\t<div class=\"elementor-element elementor-element-f9e9bb9 elementor-widget elementor-widget-counter\" data-id=\"f9e9bb9\" data-element_type=\"widget\" data-widget_type=\"counter.default\">\n\t\t\t\t\t\t\t<div class=\"elementor-counter\">\n\t\t\t<div class=\"elementor-counter-title\">New followers<\/div>\t\t\t<div class=\"elementor-counter-number-wrapper\">\n\t\t\t\t<span class=\"elementor-counter-number-prefix\">+<\/span>\n\t\t\t\t<span class=\"elementor-counter-number\" data-duration=\"2000\" data-to-value=\"3000\" data-from-value=\"3000\" data-delimiter=\",\">3000<\/span>\n\t\t\t\t<span class=\"elementor-counter-number-suffix\"><\/span>\n\t\t\t<\/div>\n\t\t<\/div>\n\t\t\t\t\t\t<\/div>\n\t\t\t\t<div class=\"elementor-element elementor-element-0589998 elementor-widget elementor-widget-counter\" data-id=\"0589998\" data-element_type=\"widget\" data-widget_type=\"counter.default\">\n\t\t\t\t\t\t\t<div class=\"elementor-counter\">\n\t\t\t<div class=\"elementor-counter-title\">Profit<\/div>\t\t\t<div class=\"elementor-counter-number-wrapper\">\n\t\t\t\t<span class=\"elementor-counter-number-prefix\">+<\/span>\n\t\t\t\t<span class=\"elementor-counter-number\" data-duration=\"2000\" data-to-value=\"0.3\" data-from-value=\"0\">0<\/span>\n\t\t\t\t<span class=\"elementor-counter-number-suffix\">M HKD<\/span>\n\t\t\t<\/div>\n\t\t<\/div>\n\t\t\t\t\t\t<\/div>\n\t\t\t\t\t<\/div>\n\t\t\t\t<\/div>\n\t\t\t\t\t<\/div>\n\t\t\t\t<\/div>\n\t\t<div class=\"elementor-element elementor-element-32211a6 e-flex e-con-boxed elementor-invisible e-con e-parent\" data-id=\"32211a6\" data-element_type=\"container\" data-settings=\"{&quot;animation&quot;:&quot;fadeIn&quot;}\">\n\t\t\t\t\t<div class=\"e-con-inner\">\n\t\t<div class=\"elementor-element elementor-element-643e5ca8 e-con-full e-flex e-con e-child\" data-id=\"643e5ca8\" data-element_type=\"container\">\n\t\t\t\t<div class=\"elementor-element elementor-element-545606e4 elementor-widget elementor-widget-image\" data-id=\"545606e4\" data-element_type=\"widget\" data-widget_type=\"image.default\">\n\t\t\t\t\t\t\t\t\t\t\t\t\t\t\t<img fetchpriority=\"high\" decoding=\"async\" width=\"1024\" height=\"1022\" src=\"https:\/\/malmousqueltd.com\/wp-content\/uploads\/2025\/11\/Screenshot-2025-11-12-at-09.33.33-1024x1022.png\" class=\"attachment-large size-large wp-image-1128\" alt=\"\" srcset=\"https:\/\/malmousqueltd.com\/wp-content\/uploads\/2025\/11\/Screenshot-2025-11-12-at-09.33.33-1024x1022.png 1024w, https:\/\/malmousqueltd.com\/wp-content\/uploads\/2025\/11\/Screenshot-2025-11-12-at-09.33.33-300x300.png 300w, https:\/\/malmousqueltd.com\/wp-content\/uploads\/2025\/11\/Screenshot-2025-11-12-at-09.33.33-150x150.png 150w, https:\/\/malmousqueltd.com\/wp-content\/uploads\/2025\/11\/Screenshot-2025-11-12-at-09.33.33-768x767.png 768w, https:\/\/malmousqueltd.com\/wp-content\/uploads\/2025\/11\/Screenshot-2025-11-12-at-09.33.33.png 1190w\" sizes=\"(max-width: 1024px) 100vw, 1024px\" \/>\t\t\t\t\t\t\t\t\t\t\t\t\t\t\t<\/div>\n\t\t\t\t<\/div>\n\t\t<div class=\"elementor-element elementor-element-5223d201 e-con-full e-flex e-con e-child\" data-id=\"5223d201\" data-element_type=\"container\">\n\t\t\t\t<div class=\"elementor-element elementor-element-4c1e0c02 elementor-widget elementor-widget-image\" data-id=\"4c1e0c02\" data-element_type=\"widget\" data-widget_type=\"image.default\">\n\t\t\t\t\t\t\t\t\t\t\t\t\t\t\t<img decoding=\"async\" width=\"770\" height=\"1024\" src=\"https:\/\/malmousqueltd.com\/wp-content\/uploads\/2025\/11\/Screenshot-2025-11-12-at-09.35.05-770x1024.png\" class=\"attachment-large size-large wp-image-1129\" alt=\"\" srcset=\"https:\/\/malmousqueltd.com\/wp-content\/uploads\/2025\/11\/Screenshot-2025-11-12-at-09.35.05-770x1024.png 770w, https:\/\/malmousqueltd.com\/wp-content\/uploads\/2025\/11\/Screenshot-2025-11-12-at-09.35.05-226x300.png 226w, https:\/\/malmousqueltd.com\/wp-content\/uploads\/2025\/11\/Screenshot-2025-11-12-at-09.35.05-768x1021.png 768w, https:\/\/malmousqueltd.com\/wp-content\/uploads\/2025\/11\/Screenshot-2025-11-12-at-09.35.05-1155x1536.png 1155w, https:\/\/malmousqueltd.com\/wp-content\/uploads\/2025\/11\/Screenshot-2025-11-12-at-09.35.05.png 1218w\" sizes=\"(max-width: 770px) 100vw, 770px\" \/>\t\t\t\t\t\t\t\t\t\t\t\t\t\t\t<\/div>\n\t\t\t\t<\/div>\n\t\t\t\t\t<\/div>\n\t\t\t\t<\/div>\n\t\t<div class=\"elementor-element elementor-element-1189142 e-flex e-con-boxed elementor-invisible e-con e-parent\" data-id=\"1189142\" data-element_type=\"container\" data-settings=\"{&quot;animation&quot;:&quot;fadeIn&quot;}\">\n\t\t\t\t\t<div class=\"e-con-inner\">\n\t\t<div class=\"elementor-element elementor-element-78a02ed5 e-con-full e-flex e-con e-child\" data-id=\"78a02ed5\" data-element_type=\"container\">\n\t\t\t\t<div class=\"elementor-element elementor-element-34e6b1bd elementor-widget elementor-widget-image\" data-id=\"34e6b1bd\" data-element_type=\"widget\" data-widget_type=\"image.default\">\n\t\t\t\t\t\t\t\t\t\t\t\t\t\t\t<img decoding=\"async\" width=\"768\" height=\"1024\" src=\"https:\/\/malmousqueltd.com\/wp-content\/uploads\/2025\/10\/IMG_0116-768x1024.jpg\" class=\"attachment-large size-large wp-image-685\" alt=\"\" srcset=\"https:\/\/malmousqueltd.com\/wp-content\/uploads\/2025\/10\/IMG_0116-768x1024.jpg 768w, https:\/\/malmousqueltd.com\/wp-content\/uploads\/2025\/10\/IMG_0116-225x300.jpg 225w, https:\/\/malmousqueltd.com\/wp-content\/uploads\/2025\/10\/IMG_0116-1152x1536.jpg 1152w, https:\/\/malmousqueltd.com\/wp-content\/uploads\/2025\/10\/IMG_0116-1536x2048.jpg 1536w, https:\/\/malmousqueltd.com\/wp-content\/uploads\/2025\/10\/IMG_0116-scaled.jpg 1920w\" sizes=\"(max-width: 768px) 100vw, 768px\" \/>\t\t\t\t\t\t\t\t\t\t\t\t\t\t\t<\/div>\n\t\t\t\t<\/div>\n\t\t<div class=\"elementor-element elementor-element-8f89579 e-con-full e-flex e-con e-child\" data-id=\"8f89579\" data-element_type=\"container\">\n\t\t\t\t<div class=\"elementor-element elementor-element-77aff0e1 elementor-widget elementor-widget-image\" data-id=\"77aff0e1\" data-element_type=\"widget\" data-widget_type=\"image.default\">\n\t\t\t\t\t\t\t\t\t\t\t\t\t\t\t<img loading=\"lazy\" decoding=\"async\" width=\"768\" height=\"1024\" src=\"https:\/\/malmousqueltd.com\/wp-content\/uploads\/2025\/10\/IMG_0132-768x1024.jpg\" class=\"attachment-large size-large wp-image-686\" alt=\"\" srcset=\"https:\/\/malmousqueltd.com\/wp-content\/uploads\/2025\/10\/IMG_0132-768x1024.jpg 768w, https:\/\/malmousqueltd.com\/wp-content\/uploads\/2025\/10\/IMG_0132-225x300.jpg 225w, https:\/\/malmousqueltd.com\/wp-content\/uploads\/2025\/10\/IMG_0132-1152x1536.jpg 1152w, https:\/\/malmousqueltd.com\/wp-content\/uploads\/2025\/10\/IMG_0132-1536x2048.jpg 1536w, https:\/\/malmousqueltd.com\/wp-content\/uploads\/2025\/10\/IMG_0132-scaled.jpg 1920w\" sizes=\"(max-width: 768px) 100vw, 768px\" \/>\t\t\t\t\t\t\t\t\t\t\t\t\t\t\t<\/div>\n\t\t\t\t<\/div>\n\t\t\t\t\t<\/div>\n\t\t\t\t<\/div>\n\t\t<div class=\"elementor-element elementor-element-7cc6bab e-flex e-con-boxed e-con e-parent\" data-id=\"7cc6bab\" data-element_type=\"container\">\n\t\t\t\t\t<div class=\"e-con-inner\">\n\t\t<div class=\"elementor-element elementor-element-7ce10e8 e-con-full e-flex e-con e-child\" data-id=\"7ce10e8\" data-element_type=\"container\">\n\t\t\t\t<div class=\"elementor-element elementor-element-a827f6e elementor-widget elementor-widget-text-editor\" data-id=\"a827f6e\" data-element_type=\"widget\" data-widget_type=\"text-editor.default\">\n\t\t\t\t\t\t\t\t\t<p>Curieux de savoir comment je peux accompagner votre entreprise ?<\/p>\t\t\t\t\t\t\t\t<\/div>\n\t\t\t\t<div class=\"elementor-element elementor-element-db79f39 elementor-align-center elementor-widget elementor-widget-button\" data-id=\"db79f39\" data-element_type=\"widget\" data-widget_type=\"button.default\">\n\t\t\t\t\t\t\t\t\t\t<a class=\"elementor-button elementor-button-link elementor-size-sm\" href=\"mailto:celine@malmousqueltd.com\">\n\t\t\t\t\t\t<span class=\"elementor-button-content-wrapper\">\n\t\t\t\t\t\t\t\t\t<span class=\"elementor-button-text\">Contactez-moi<\/span>\n\t\t\t\t\t<\/span>\n\t\t\t\t\t<\/a>\n\t\t\t\t\t\t\t\t<\/div>\n\t\t\t\t<\/div>\n\t\t\t\t\t<\/div>\n\t\t\t\t<\/div>\n\t\t\t\t<\/div>","protected":false},"excerpt":{"rendered":"<p>Inside. The project. Services : Implement Xero accounting system Optimizing company&#8217;s cost base Implement a new brand identity Launch a new website Upgraded POS system Review purchase strategy Implement a social media strategy Opened shops and closed unprofitable shops Hong Kong &#8211;\u00a0 Home &amp; Decoration\u00a0 Inside offers handcrafted unique furniture and homeware products in Hong [&hellip;]<\/p>","protected":false},"author":1,"featured_media":0,"parent":0,"menu_order":0,"comment_status":"closed","ping_status":"closed","template":"elementor_header_footer","meta":{"footnotes":""},"class_list":["post-1051","page","type-page","status-publish","hentry"],"blocksy_meta":{"has_hero_section":"disabled","styles_descriptor":{"styles":{"desktop":"","tablet":"","mobile":""},"google_fonts":[],"version":6}},"_hostinger_reach_plugin_has_subscription_block":false,"_hostinger_reach_plugin_is_elementor":false,"_links":{"self":[{"href":"https:\/\/malmousqueltd.com\/fr_fr\/wp-json\/wp\/v2\/pages\/1051","targetHints":{"allow":["GET"]}}],"collection":[{"href":"https:\/\/malmousqueltd.com\/fr_fr\/wp-json\/wp\/v2\/pages"}],"about":[{"href":"https:\/\/malmousqueltd.com\/fr_fr\/wp-json\/wp\/v2\/types\/page"}],"author":[{"embeddable":true,"href":"https:\/\/malmousqueltd.com\/fr_fr\/wp-json\/wp\/v2\/users\/1"}],"replies":[{"embeddable":true,"href":"https:\/\/malmousqueltd.com\/fr_fr\/wp-json\/wp\/v2\/comments?post=1051"}],"version-history":[{"count":71,"href":"https:\/\/malmousqueltd.com\/fr_fr\/wp-json\/wp\/v2\/pages\/1051\/revisions"}],"predecessor-version":[{"id":2580,"href":"https:\/\/malmousqueltd.com\/fr_fr\/wp-json\/wp\/v2\/pages\/1051\/revisions\/2580"}],"wp:attachment":[{"href":"https:\/\/malmousqueltd.com\/fr_fr\/wp-json\/wp\/v2\/media?parent=1051"}],"curies":[{"name":"wp","href":"https:\/\/api.w.org\/{rel}","templated":true}]}}